{"id":291,"date":"2025-04-09T15:01:01","date_gmt":"2025-04-09T13:01:01","guid":{"rendered":"https:\/\/demo.nokriwp.com\/?page_id=291"},"modified":"2025-10-24T20:24:42","modified_gmt":"2025-10-24T18:24:42","slug":"contact-us","status":"publish","type":"page","link":"https:\/\/europe-job.com\/cs\/contact-us\/","title":{"rendered":"KONTAKT"},"content":{"rendered":"<div class=\"wpb-content-wrapper\"><div data-vc-full-width=\"true\" data-vc-full-width-init=\"false\" data-vc-stretch-content=\"true\" class=\"vc_row wpb_row vc_row-fluid vc_row-o-content-middle vc_row-flex\"><div class=\"wpb_column vc_column_container vc_col-sm-12\"><div class=\"vc_column-inner\"><div class=\"wpb_wrapper\">\n\t<div class=\"wpb_text_column wpb_content_element vc_custom_1761330279127\">\n\t\t<div class=\"wpb_wrapper\">\n\t\t\t<p>V\u00e1\u017een\u00ed kandid\u00e1ti,<\/p>\n<p class=\"translation-block\">proto\u017ee ka\u017ed\u00fd den m\u00e1me n\u011bkolik nov\u00fdch nab\u00eddek pr\u00e1ce v N\u011bmecku, Chorvatsku a dal\u0161\u00edch zem\u00edch, v\u011bt\u0161ina nab\u00eddek NEN\u00cd NA T\u011aCHTO STR\u00c1NK\u00c1CH, m\u011bli byste n\u00e1s kontaktovat e-mailem job.in.europe3@gmail.com nebo kontaktovat sv\u00e9ho n\u00e1bor\u00e1\u0159e, v z\u00e1vislosti na jazyce, kter\u00fdm mluv\u00edte, abyste v den va\u0161eho hovoru obdr\u017eeli aktivn\u00ed nab\u00eddky \u2013 kter\u00e9 na str\u00e1nce nenajdete.<\/p>\n<p>M\u00e1me mnoho zaj\u00edmav\u00fdch nab\u00eddek pr\u00e1ce v EU kdykoli.<\/p><p><strong>Na\u0161e telefonn\u00ed \u010d\u00edsla pro n\u00e1bor:<\/strong><\/p>\n<p class=\"translation-block\">Pro kandid\u00e1ty z Chorvatska, Slovinska, Bosny a Hercegoviny: <b>+385924234248<\/b> Viber \/ Whatsapp<\/p>\n<p class=\"translation-block\">Pro kandid\u00e1ty ze Srbska a \u010cern\u00e9 Hory: +381640285754 Viber \/ Whatsapp<\/p>\n<p class=\"translation-block\">Pro kandid\u00e1ty ze Severn\u00ed Makedonie a Bulharska: +389 76 960 260 Viber \/ Whatsapp<\/p><h3>Kontaktn\u00ed informace pro zam\u011bstnavatele<\/h3>\n<p>V\u00e1\u017een\u00ed zam\u011bstnavatel\u00e9, pokud pot\u0159ebujete pracovn\u00edky, nev\u00e1hejte n\u00e1s kontaktovat:<\/p>\n<p class=\"translation-block\">email: <a href=\"mailto:office@europe-job.com\" target=\"_blank\" rel=\"noopener\"><span class=\"il\"><strong>office@europe-job.com<\/strong><\/span><\/a><\/p>\n<p>mobile: <strong>+385 923 881 758 ; +385 89 44 33 678<\/strong><\/p>\n<p>Landline: +385 1 330 400 2<\/p>\n<p>Viber\/Whatsapp <strong>+381692235455<\/strong><\/p><h4>Mluv\u00edme va\u0161\u00edm jazykem<\/h4><p class=\"translation-block\">European jobs and services ltd, Bulharsko, Sofie, Bulevar Andrei Sacharov 14, druh\u00e9 patro, kancel\u00e1\u0159 22<\/p>\n<p>DI\u010c: BG205500890<br \/>\n<strong>Rok zalo\u017een\u00ed 2019.<\/strong><\/p>\n\n\t\t<\/div>\n\t<\/div>\n<\/div><\/div><\/div><\/div><div class=\"vc_row-full-width vc_clearfix\"><\/div>\n<\/div>","protected":false},"excerpt":{"rendered":"Dear candidates, since we have several new job offers every day, for work in Germany, Croatia and other countries, most [...]","protected":false},"author":122,"featured_media":0,"parent":0,"menu_order":0,"comment_status":"closed","ping_status":"closed","template":"","meta":{"footnotes":""},"class_list":["post-291","page","type-page","status-publish","hentry"],"_links":{"self":[{"href":"https:\/\/europe-job.com\/cs\/wp-json\/wp\/v2\/pages\/291","targetHints":{"allow":["GET"]}}],"collection":[{"href":"https:\/\/europe-job.com\/cs\/wp-json\/wp\/v2\/pages"}],"about":[{"href":"https:\/\/europe-job.com\/cs\/wp-json\/wp\/v2\/types\/page"}],"author":[{"embeddable":true,"href":"https:\/\/europe-job.com\/cs\/wp-json\/wp\/v2\/users\/122"}],"replies":[{"embeddable":true,"href":"https:\/\/europe-job.com\/cs\/wp-json\/wp\/v2\/comments?post=291"}],"version-history":[{"count":0,"href":"https:\/\/europe-job.com\/cs\/wp-json\/wp\/v2\/pages\/291\/revisions"}],"wp:attachment":[{"href":"https:\/\/europe-job.com\/cs\/wp-json\/wp\/v2\/media?parent=291"}],"curies":[{"name":"wp","href":"https:\/\/api.w.org\/{rel}","templated":true}]}}