{"id":962,"date":"2025-04-09T15:01:01","date_gmt":"2025-04-09T13:01:01","guid":{"rendered":"https:\/\/europe-job.com\/?page_id=962"},"modified":"2025-04-24T17:16:11","modified_gmt":"2025-04-24T15:16:11","slug":"for-employers","status":"publish","type":"page","link":"https:\/\/europe-job.com\/cs\/for-employers\/","title":{"rendered":"PRO ZAM\u011aSTNAVATELE"},"content":{"rendered":"<div class=\"wpb-content-wrapper\"><div class=\"vc_row wpb_row vc_row-fluid vc_custom_1704295025139\"><div class=\"wpb_column vc_column_container vc_col-sm-12\"><div class=\"vc_column-inner\"><div class=\"wpb_wrapper\">\n\t<div class=\"wpb_text_column wpb_content_element\">\n\t\t<div class=\"wpb_wrapper\">\n\t\t\t<p><strong>V\u00e1\u017een\u00ed zam\u011bstnavatel\u00e9,<\/strong><\/p>\n<p>Proces n\u00e1boru dobr\u00e9ho pracovn\u00edka ve skute\u010dnosti nen\u00ed p\u0159\u00edli\u0161 obt\u00ed\u017en\u00fd.<\/p><p>Na z\u00e1klad\u011b pot\u0159eb, kter\u00e9 m\u00e1 zam\u011bstnavatel ohledn\u011b pracovn\u00edk\u016f, po uzav\u0159en\u00ed smlouvy o spolupr\u00e1ci se spole\u010dnost\u00ed zam\u011bstnavatele, agentura v prvn\u00edm kole v\u00fdb\u011bru informuje velk\u00fd po\u010det vhodn\u00fdch kandid\u00e1t\u016f z na\u0161ich datab\u00e1z\u00ed o nab\u00eddce zam\u011bstnavatele. Z p\u0159ihl\u00e1\u0161en\u00fdch kandid\u00e1t\u016f, kte\u0159\u00ed p\u0159ijmou nab\u00edzen\u00e9 podm\u00ednky, prov\u00e1d\u00edme v\u00fdb\u011br. Pro ka\u017edou pracovn\u00ed pozici po prvn\u00edm v\u00fdb\u011bru zas\u00edl\u00e1me zam\u011bstnavateli \u017eivotopisy n\u011bkolika vhodn\u00fdch kandid\u00e1t\u016f s jejich charakteristikami a fotografiemi, p\u0159i\u010dem\u017e zam\u011bstnavatel vyb\u00edr\u00e1 kandid\u00e1ty ve druh\u00e9m kole v\u00fdb\u011bru. Tito kandid\u00e1ti jsou kandid\u00e1ti, se kter\u00fdmi si zam\u011bstnavatel p\u0159eje hovo\u0159it v z\u00e1v\u011bre\u010dn\u00e9m, t\u0159et\u00edm kole v\u00fdb\u011bru.<\/p>\n<p>Vybran\u00e9 kandid\u00e1ty propojujeme p\u0159\u00edmo se zam\u011bstnavatelem. Jakmile zam\u011bstnavatel vybere vhodn\u00e9 kandid\u00e1ty, proces n\u00e1boru je t\u00e9m\u011b\u0159 dokon\u010den. Pracovn\u00edci obvykle skenuj\u00ed sv\u00e9 dokumenty, tak\u017ee zam\u011bstnavatel m\u016f\u017ee za\u010d\u00edt s p\u0159\u00edpravou pracovn\u00edch smluv a ubytov\u00e1n\u00ed pro dr\u017eitele dokument\u016f EU - kandid\u00e1ty z EU.<\/p>\n<p>Pro kandid\u00e1ty mimo EU zam\u011bstnavatel vy\u0159izuje pracovn\u00ed povolen\u00ed p\u0159ed p\u0159\u00edjezdem pracovn\u00edka mimo EU, nebo stejn\u00fd proces lze prov\u00e9st po zku\u0161ebn\u00ed dob\u011b kandid\u00e1ta v d\u00e9lce n\u011bkolika dn\u00ed, pokud je tato mo\u017enost v zemi zam\u011bstnavatele dostupn\u00e1. Krom\u011b kandid\u00e1t\u016f z v\u00edce ne\u017e 10 evropsk\u00fdch zem\u00ed nab\u00edz\u00edme tak\u00e9 slu\u017eby kvalifikovan\u00fdch asijsk\u00fdch pracovn\u00edk\u016f.<\/p>\n<p><!-- \/wp:post-content --><\/p><p><!-- wp:list --><\/p>\n<p>Pokud jak\u00fdkoli pracovn\u00edk pracuje ve spole\u010dnosti zam\u011bstnavatele m\u00e9n\u011b ne\u017e 14 kalend\u00e1\u0159n\u00edch dn\u00ed, spole\u010dnost zam\u011bstnavatele na\u0161\u00ed agentu\u0159e za takov\u00e9ho pracovn\u00edka nic neplat\u00ed.<\/p>\n<p><!-- \/wp:list --><\/p>\n<p>Zam\u011bstnavatel plat\u00ed agentu\u0159e pouze za na\u0161e slu\u017eby podle smlouvy, zat\u00edmco ve\u0161ker\u00e9 odm\u011bny zam\u011bstnavatel v\u017edy vypl\u00e1c\u00ed p\u0159\u00edmo pracovn\u00edkovi.<\/p>\n<p><!-- \/wp:paragraph --><\/p>\n<p><!-- wp:paragraph --><strong>Kontaktn\u00ed informace pro zam\u011bstnavatele <\/strong><\/p>\n<p><strong>email:&nbsp;<a href=\"mailto:office@europe-job.com\" target=\"_blank\" rel=\"noreferrer noopener\">office@europe-job.com<\/a>.<\/strong><\/p>\n<p><!-- \/wp:paragraph --><\/p>\n<p><!-- wp:paragraph --><strong>Mobile: +385923881758&nbsp;<\/strong> <strong>+359894433678<\/strong><\/p>\n<p><!-- \/wp:paragraph --><br \/>\n<!-- wp:paragraph --><\/p>\n<h3><strong>Mluv\u00edme va\u0161\u00edm jazykem<\/strong><strong>&nbsp;<br \/><\/strong><\/h3>\n<p class=\"translation-block\">S\u00eddlo European jobs and services ltd, Bulharsko, Sofie, Bulevar Andrei Sacharov \u010d\u00edslo 14, druh\u00e9 patro, kancel\u00e1\u0159 22<\/p>\n<p><!-- \/wp:paragraph -->&nbsp;<\/p>\n\n\t\t<\/div>\n\t<\/div>\n<\/div><\/div><\/div><\/div>\n<\/div>","protected":false},"excerpt":{"rendered":"Dear employers, The process of recruiting a good worker is actually not too much difficult. &nbsp; Based on the needs [...]","protected":false},"author":122,"featured_media":0,"parent":0,"menu_order":0,"comment_status":"closed","ping_status":"closed","template":"","meta":{"footnotes":""},"class_list":["post-962","page","type-page","status-publish","hentry"],"_links":{"self":[{"href":"https:\/\/europe-job.com\/cs\/wp-json\/wp\/v2\/pages\/962","targetHints":{"allow":["GET"]}}],"collection":[{"href":"https:\/\/europe-job.com\/cs\/wp-json\/wp\/v2\/pages"}],"about":[{"href":"https:\/\/europe-job.com\/cs\/wp-json\/wp\/v2\/types\/page"}],"author":[{"embeddable":true,"href":"https:\/\/europe-job.com\/cs\/wp-json\/wp\/v2\/users\/122"}],"replies":[{"embeddable":true,"href":"https:\/\/europe-job.com\/cs\/wp-json\/wp\/v2\/comments?post=962"}],"version-history":[{"count":0,"href":"https:\/\/europe-job.com\/cs\/wp-json\/wp\/v2\/pages\/962\/revisions"}],"wp:attachment":[{"href":"https:\/\/europe-job.com\/cs\/wp-json\/wp\/v2\/media?parent=962"}],"curies":[{"name":"wp","href":"https:\/\/api.w.org\/{rel}","templated":true}]}}