{"id":969,"date":"2025-04-09T15:01:01","date_gmt":"2025-04-09T13:01:01","guid":{"rendered":"https:\/\/europe-job.com\/?page_id=969"},"modified":"2025-10-24T20:19:35","modified_gmt":"2025-10-24T18:19:35","slug":"about-us-2","status":"publish","type":"page","link":"https:\/\/europe-job.com\/cs\/about-us-2\/","title":{"rendered":"O N\u00c1S"},"content":{"rendered":"<div class=\"wpb-content-wrapper\"><div class=\"vc_row wpb_row vc_row-fluid\"><div class=\"wpb_column vc_column_container vc_col-sm-12\"><div class=\"vc_column-inner\"><div class=\"wpb_wrapper\">\n\t<div class=\"wpb_text_column wpb_content_element\">\n\t\t<div class=\"wpb_wrapper\">\n\t\t\t<div class=\"wp-block-cover has-background-dim\">\n<p><img decoding=\"async\" class=\"wp-block-cover__image-background wp-image-113\" src=\"https:\/\/europe-job.com\/wp-content\/uploads\/2025\/04\/pexels-pixabay-416405.jpg\" alt=\"\" data-object-fit=\"cover\"\/><\/p>\n<div class=\"wp-block-cover__inner-container\">\n<h1 class=\"has-text-align-center has-very-light-gray-color has-text-color wp-block-heading\"><strong>Welcome to the official pages of the agency <\/strong><\/h1><\/div>\n<\/div>\n<p><!-- \/wp:post-content -->&nbsp;<\/p>\n<p><!-- wp:paragraph \/-->&nbsp;<\/p>\n<p><!-- wp:paragraph \/-->&nbsp;<\/p>\n<p><!-- wp:group --><\/p>\n<div class=\"wp-block-group\"><!-- wp:paragraph {\"fontSize\":\"medium\"} -->\n<p class=\"has-medium-font-size\"><!-- \/wp:paragraph --><\/p>\n<p><!-- wp:paragraph \/--><br \/><!-- wp:paragraph \/--><br \/><!-- wp:paragraph \/--><br \/><!-- wp:paragraph \/--><br \/><!-- wp:paragraph \/--><br \/><!-- wp:paragraph \/--><br \/><!-- wp:paragraph \/--><\/p>\n<h4 style=\"text-align: center;\"><!-- wp:paragraph --><strong>European\u00a0 jobs and services je agentura pr\u00e1ce, kter\u00e1 nab\u00edz\u00ed pr\u00e1ci v zem\u00edch Evropsk\u00e9 unie, schengensk\u00e9ho prostoru a ve Spojen\u00fdch arabsk\u00fdch emir\u00e1tech.<\/strong><\/h4>\n<p class=\"has-medium-font-size\"><!-- \/wp:paragraph --><\/p>\n<p style=\"text-align: center;\"><!-- wp:paragraph --><br \/>Ji\u017e p\u011bt let (od roku 2019) prov\u00e1d\u00edme n\u00e1bor v N\u011bmecku, Rakousku, Belgii, \u0158ecku, Slovinsku, Chorvatsku a dal\u0161\u00edch zem\u00edch.<\/p>\n<p class=\"has-medium-font-size\" style=\"text-align: center;\"><!-- \/wp:paragraph --><\/p>\n<p style=\"text-align: center;\"><!-- wp:paragraph -->Na\u0161e agentura nab\u00edz\u00ed pr\u00e1ci ve stavebnictv\u00ed, dokon\u010dovac\u00edch prac\u00edch, hotelech, restaurac\u00edch, kav\u00e1rn\u00e1ch, skladech, ale i dal\u0161\u00ed typy prac\u00ed pro pr\u00e1ci v Evropsk\u00e9 unii a dal\u0161\u00edch zem\u00edch.<\/p>\n<p style=\"text-align: center;\">N\u011bkter\u00e9 z nab\u00eddek najdete na na\u0161ich webov\u00fdch str\u00e1nk\u00e1ch a mnoho dal\u0161\u00edch nab\u00eddek a ve\u0161ker\u00e9 dopl\u0148uj\u00edc\u00ed informace z\u00edsk\u00e1te po kontaktov\u00e1n\u00ed jednoho z na\u0161ich n\u00e1bor\u00e1\u0159\u016f.<\/p>\n<p style=\"text-align: center;\">Kontaktujte n\u00e1bor\u00e1\u0159e ve va\u0161em jazyce <a href=\"https:\/\/europe-job.com\/cs\/contact-us\/\">klikn\u011bte zde<\/a>.<\/p><p class=\"has-medium-font-size\" style=\"text-align: center;\"><!-- \/wp:paragraph --><\/p>\n<p style=\"text-align: center;\"><!-- wp:paragraph -->Na\u0161e \u0161irok\u00e1 s\u00ed\u0165 n\u00e1bor\u00e1\u0159\u016f je v\u00e1m k dispozici po cel\u00fd rok 2026<\/p>\n<\/div>\n<p><!-- \/wp:paragraph -->&nbsp;<\/p>\n<p><!-- wp:paragraph {\"align\":\"left\",\"fontSize\":\"medium\"} -->&nbsp;<\/p>\n<p><!-- wp:paragraph \/--><\/p>\n\t\t<\/div>\n\t<\/div>\n<\/div><\/div><\/div><\/div><div class=\"vc_row wpb_row vc_row-fluid\"><div class=\"wpb_column vc_column_container vc_col-sm-12\"><div class=\"vc_column-inner\"><div class=\"wpb_wrapper\">\n\t<div class=\"wpb_text_column wpb_content_element\">\n\t\t<div class=\"wpb_wrapper\">\n\t\t\t<p style=\"text-align: center;\">Pokud pot\u0159ebujete pracovn\u00edky<\/p>\n\n\t\t<\/div>\n\t<\/div>\n<div class=\"vc_btn3-container vc_btn3-center vc_do_btn\"><a class=\"vc_general vc_btn3 vc_btn3-size-md vc_btn3-shape-rounded vc_btn3-style-modern vc_btn3-color-warning\" href=\"https:\/\/europe-job.com\/cs\/for-employers\/\" title=\"\">klikn\u011bte zde<\/a><\/div><\/div><\/div><\/div><\/div>\n<!-- \/wp:paragraph --><\/div>","protected":false},"excerpt":{"rendered":"Welcome to the official website of European jobs and services ltd. &nbsp; &nbsp; &nbsp; &nbsp; &nbsp; European&nbsp; jobs and services [...]","protected":false},"author":122,"featured_media":0,"parent":0,"menu_order":0,"comment_status":"closed","ping_status":"closed","template":"","meta":{"footnotes":""},"class_list":["post-969","page","type-page","status-publish","hentry"],"_links":{"self":[{"href":"https:\/\/europe-job.com\/cs\/wp-json\/wp\/v2\/pages\/969","targetHints":{"allow":["GET"]}}],"collection":[{"href":"https:\/\/europe-job.com\/cs\/wp-json\/wp\/v2\/pages"}],"about":[{"href":"https:\/\/europe-job.com\/cs\/wp-json\/wp\/v2\/types\/page"}],"author":[{"embeddable":true,"href":"https:\/\/europe-job.com\/cs\/wp-json\/wp\/v2\/users\/122"}],"replies":[{"embeddable":true,"href":"https:\/\/europe-job.com\/cs\/wp-json\/wp\/v2\/comments?post=969"}],"version-history":[{"count":0,"href":"https:\/\/europe-job.com\/cs\/wp-json\/wp\/v2\/pages\/969\/revisions"}],"wp:attachment":[{"href":"https:\/\/europe-job.com\/cs\/wp-json\/wp\/v2\/media?parent=969"}],"curies":[{"name":"wp","href":"https:\/\/api.w.org\/{rel}","templated":true}]}}