{"id":291,"date":"2025-04-09T15:01:01","date_gmt":"2025-04-09T13:01:01","guid":{"rendered":"https:\/\/demo.nokriwp.com\/?page_id=291"},"modified":"2025-10-24T20:24:42","modified_gmt":"2025-10-24T18:24:42","slug":"contact-us","status":"publish","type":"page","link":"https:\/\/europe-job.com\/de\/contact-us\/","title":{"rendered":"Kontakt"},"content":{"rendered":"<div class=\"wpb-content-wrapper\"><div data-vc-full-width=\"true\" data-vc-full-width-init=\"false\" data-vc-stretch-content=\"true\" class=\"vc_row wpb_row vc_row-fluid vc_row-o-content-middle vc_row-flex\"><div class=\"wpb_column vc_column_container vc_col-sm-12\"><div class=\"vc_column-inner\"><div class=\"wpb_wrapper\">\n\t<div class=\"wpb_text_column wpb_content_element vc_custom_1761330279127\">\n\t\t<div class=\"wpb_wrapper\">\n\t\t\t<p>Sehr geehrte Bewerber,<\/p>\n<p class=\"translation-block\">da wir jeden Tag mehrere neue Stellenangebote f\u00fcr Arbeit in Deutschland, Kroatien und anderen L\u00e4ndern haben, sind die meisten Angebote NICHT AUF DIESER WEBSITE verf\u00fcgbar. Deshalb sollten Sie uns per E-Mail an <strong> <a href=\"mailto:job.in.europe3@gmail.com\" target=\"_self\">job.in.europe3@gmail.com<\/a> kontaktieren oder sich an Ihren Recruiter wenden, abh\u00e4ngig von der von Ihnen gesprochenen Sprache, um aktuelle Angebote zum Zeitpunkt Ihres Anrufs zu erhalten \u2013 die Sie auf der Website nicht finden k\u00f6nnen.<\/strong><\/p>\n<p>Jederzeit haben wir viele interessante Stellenangebote in der EU.<\/p><p><strong>Die Nummern unserer Recruiter:<\/strong><\/p>\n<p class=\"translation-block\">F\u00fcr Bewerber aus Kroatien, Slowenien, Bosnien und Herzegowina: <strong>+385924234248<\/strong> Viber \/ Whatsapp<\/p>\n<p class=\"translation-block\"><span class=\"hide\">F\u00fcr Kandidaten aus Serbien &amp; Montenegro: <b>+381640285754<\/b> Viber \/ Whatsapp<\/span><\/p>\n<p class=\"translation-block\"><span class=\"hide\">F\u00fcr Kandidaten aus Nordmazedonien und Bulgarien: <strong>+389 76 960 260<\/strong> Viber \/ Whatsapp<\/span><\/p><h3>Kontaktdaten f\u00fcr Arbeitgeber<\/h3>\n<p>Sehr geehrte Arbeitgeber, wenn Sie Bedarf an Arbeitskr\u00e4ften haben, z\u00f6gern Sie nicht, uns zu kontaktieren:<\/p>\n<p class=\"translation-block\">email: <a href=\"mailto:office@europe-job.com\" target=\"_blank\" rel=\"noopener\"><span class=\"il\"><strong>office@europe-job.com<\/strong><\/span><\/a><\/p>\n<p>Mobil: <strong>+385 923 881 758 ; +385 89 44 33 678<\/strong><\/p>\n<p>Landline: +385 1 330 400 2<\/p>\n<p>Viber\/Whatsapp <strong>+381692235455<\/strong><\/p><h4>Wir sprechen Ihre Sprache<\/h4><p class=\"translation-block\">European Jobs and Services Ltd, Bulgarien, Sofia, Boulevard Andrei Sacharow 14, zweiter Stock, B\u00fcro 22<\/p>\n<p>USt-IdNr.: BG205500890<br \/>\n<strong>Gr\u00fcndungsjahr 2019.<\/strong><\/p>\n\n\t\t<\/div>\n\t<\/div>\n<\/div><\/div><\/div><\/div><div class=\"vc_row-full-width vc_clearfix\"><\/div>\n<\/div>","protected":false},"excerpt":{"rendered":"Dear candidates, since we have several new job offers every day, for work in Germany, Croatia and other countries, most [...]","protected":false},"author":122,"featured_media":0,"parent":0,"menu_order":0,"comment_status":"closed","ping_status":"closed","template":"","meta":{"footnotes":""},"class_list":["post-291","page","type-page","status-publish","hentry"],"_links":{"self":[{"href":"https:\/\/europe-job.com\/de\/wp-json\/wp\/v2\/pages\/291","targetHints":{"allow":["GET"]}}],"collection":[{"href":"https:\/\/europe-job.com\/de\/wp-json\/wp\/v2\/pages"}],"about":[{"href":"https:\/\/europe-job.com\/de\/wp-json\/wp\/v2\/types\/page"}],"author":[{"embeddable":true,"href":"https:\/\/europe-job.com\/de\/wp-json\/wp\/v2\/users\/122"}],"replies":[{"embeddable":true,"href":"https:\/\/europe-job.com\/de\/wp-json\/wp\/v2\/comments?post=291"}],"version-history":[{"count":0,"href":"https:\/\/europe-job.com\/de\/wp-json\/wp\/v2\/pages\/291\/revisions"}],"wp:attachment":[{"href":"https:\/\/europe-job.com\/de\/wp-json\/wp\/v2\/media?parent=291"}],"curies":[{"name":"wp","href":"https:\/\/api.w.org\/{rel}","templated":true}]}}