{"id":291,"date":"2025-04-09T15:01:01","date_gmt":"2025-04-09T13:01:01","guid":{"rendered":"https:\/\/demo.nokriwp.com\/?page_id=291"},"modified":"2025-10-24T20:24:42","modified_gmt":"2025-10-24T18:24:42","slug":"contact-us","status":"publish","type":"page","link":"https:\/\/europe-job.com\/es\/contact-us\/","title":{"rendered":"Contacto"},"content":{"rendered":"<div class=\"wpb-content-wrapper\"><div data-vc-full-width=\"true\" data-vc-full-width-init=\"false\" data-vc-stretch-content=\"true\" class=\"vc_row wpb_row vc_row-fluid vc_row-o-content-middle vc_row-flex\"><div class=\"wpb_column vc_column_container vc_col-sm-12\"><div class=\"vc_column-inner\"><div class=\"wpb_wrapper\">\n\t<div class=\"wpb_text_column wpb_content_element vc_custom_1761330279127\">\n\t\t<div class=\"wpb_wrapper\">\n\t\t\t<p>Estimados candidatos,<\/p>\n<p class=\"translation-block\">Dado que cada d\u00eda tenemos varias nuevas ofertas de trabajo para empleos en Alemania, Croacia, Grecia \ny otros pa\u00edses, la mayor\u00eda de las ofertas NO EST\u00c1N PUBLICADAS EN ESTAS P\u00c1GINAS, por lo tanto, debe \ncomunicarse con nosotros por correo electr\u00f3nico a job.in.europe3@gmail.com\no contactar a su reclutador, dependiendo del idioma que hable, para recibir las ofertas activas disponibles \nel d\u00eda de su consulta \u2013 las cuales no podr\u00e1 encontrar en la p\u00e1gina web.<\/p>\n<p>En todo momento contamos con muchas ofertas de trabajo interesantes en la Uni\u00f3n Europea<\/p><p><strong>N\u00fameros de nuestros reclutadores:<\/strong><\/p>\n<p class=\"translation-block\">Para candidatos de Croacia, Eslovenia, Bosnia y Herzegovina: <b>+385924234248<\/b> (Viber \/ Whatsapp)<\/p>\n<p class=\"translation-block\">Para candidatos de Serbia y Montenegro: +381640285754 (Viber \/ Whatsapp)<\/p>\n<p class=\"translation-block\">Para candidatos de Macedonia del Norte y Bulgaria: +38976960260 (Viber \/ Whatsapp)<\/p><h3>Datos de contacto para empleadores<\/h3>\n<p>Estimados empleadores, si necesitan trabajadores, no duden en ponerse en contacto con nosotros:<\/p>\n<p class=\"translation-block\">correo electr\u00f3nico<\/p>\n<p>m\u00f3vil: <strong>+385 923 881 758 ; +385 89 44 33 678<\/strong><\/p>\n<p>Landline: +385 1 330 400 2<\/p>\n<p>Viber \/ Whatsapp \/ Llamada <strong>+381692235455<\/strong><\/p><h4>Hablamos su idioma<\/h4><p class=\"translation-block\">European Jobs and Services Ltd, Bulgaria, Sof\u00eda, Bulevar Andrei Saharov 14, segundo piso, oficina \n22<\/p>\n<p>N\u00famero de IVA<br \/>\n<strong>A\u00f1o de fundaci\u00f3n<\/strong><\/p>\n\n\t\t<\/div>\n\t<\/div>\n<\/div><\/div><\/div><\/div><div class=\"vc_row-full-width vc_clearfix\"><\/div>\n<\/div>","protected":false},"excerpt":{"rendered":"Dear candidates, since we have several new job offers every day, for work in Germany, Croatia and other countries, most [...]","protected":false},"author":122,"featured_media":0,"parent":0,"menu_order":0,"comment_status":"closed","ping_status":"closed","template":"","meta":{"footnotes":""},"class_list":["post-291","page","type-page","status-publish","hentry"],"_links":{"self":[{"href":"https:\/\/europe-job.com\/es\/wp-json\/wp\/v2\/pages\/291","targetHints":{"allow":["GET"]}}],"collection":[{"href":"https:\/\/europe-job.com\/es\/wp-json\/wp\/v2\/pages"}],"about":[{"href":"https:\/\/europe-job.com\/es\/wp-json\/wp\/v2\/types\/page"}],"author":[{"embeddable":true,"href":"https:\/\/europe-job.com\/es\/wp-json\/wp\/v2\/users\/122"}],"replies":[{"embeddable":true,"href":"https:\/\/europe-job.com\/es\/wp-json\/wp\/v2\/comments?post=291"}],"version-history":[{"count":0,"href":"https:\/\/europe-job.com\/es\/wp-json\/wp\/v2\/pages\/291\/revisions"}],"wp:attachment":[{"href":"https:\/\/europe-job.com\/es\/wp-json\/wp\/v2\/media?parent=291"}],"curies":[{"name":"wp","href":"https:\/\/api.w.org\/{rel}","templated":true}]}}