{"id":291,"date":"2025-04-09T15:01:01","date_gmt":"2025-04-09T13:01:01","guid":{"rendered":"https:\/\/demo.nokriwp.com\/?page_id=291"},"modified":"2025-10-24T20:24:42","modified_gmt":"2025-10-24T18:24:42","slug":"contact-us","status":"publish","type":"page","link":"https:\/\/europe-job.com\/fr\/contact-us\/","title":{"rendered":"Contact"},"content":{"rendered":"<div class=\"wpb-content-wrapper\"><div data-vc-full-width=\"true\" data-vc-full-width-init=\"false\" data-vc-stretch-content=\"true\" class=\"vc_row wpb_row vc_row-fluid vc_row-o-content-middle vc_row-flex\"><div class=\"wpb_column vc_column_container vc_col-sm-12\"><div class=\"vc_column-inner\"><div class=\"wpb_wrapper\">\n\t<div class=\"wpb_text_column wpb_content_element vc_custom_1761330279127\">\n\t\t<div class=\"wpb_wrapper\">\n\t\t\t<p>Chers candidats,<\/p>\n<p class=\"translation-block\">Vu que nous avons, tous les jours, de nouvelles offres d\u2019emploi pour le travail en Allemagne, en Croatie et dans d\u2019autre pays, la plupart de ces offres NE SE TROUVENT PAS SUR CES PAGES-CI, c\u2019est pourquoi vous devez nous contacter \u00e0 l\u2019adresse mail : <strong> <a href=\"mailto:job.in.europe3@gmail.com\" target=\"_self\">job.in.europe3@gmail.com<\/a>, ou contacter un recruteur de votre choix, en fonction de votre langue parl\u00e9e, afin d\u2019obtenir des offres d\u2019actualit\u00e9 le jour de votre appel \u2013 toutes ces offres que vous ne pouvez pas trouver sur les pages.<\/p>\n<p>C\u2019est \u00e0 chaque moment que nous avons beaucoup d\u2019offres int\u00e9ressantes pour le travail en UE.<\/p><p><strong>Les num\u00e9ros de nos recruteurs :<\/strong><\/p>\n<p class=\"translation-block\">A Horv\u00e1t\u00f3rsz\u00e1gi, Szlov\u00e9niai, Bosznia jel\u00f6ltjei\u2026+385924234248 viber, whatsapp<\/p>\n<p class=\"translation-block\"><span class=\"hide\">A Szerbia, \u00e9s Monten\u00e9gr\u00f3i jel\u00f6ltek ..+381640285754 viber, whatsapp<\/span><\/p>\n<p class=\"translation-block\"><span class=\"hide\">Pour les candidats de Mac\u00e9doine du Nord et de Bulgarie : +389 76 960 260 Viber\/Whatsapp<\/span><\/p><h3>Informations de contact pour les employeurs<\/h3>\n<p>Chers employeurs,  si vous avez besoin de candidats, n\u2019h\u00e9sitez pas \u00e0 nous contacter :<\/p>\n<p class=\"translation-block\">email: <a href=\"mailto:office@europe-job.com\" target=\"_blank\" rel=\"noopener\"><span class=\"il\"><strong>office@europe-job.com<\/strong><\/span><\/a><\/p>\n<p>Num\u00e9ro portable: <strong>+385 923 881 758 ; +385 89 44 33 678<\/strong><\/p>\n<p>Landline: +385 1 330 400 2<\/p>\n<p>Viber\/Whatsapp <strong>+381692235455<\/strong><\/p><h4>Nous parlons votre langue<\/h4><p class=\"translation-block\">European jobs and services ltd, Bulgarie, Sofia, Boulevard Andrei Saharov 14, \u00e9tage 2, bureau 22<\/p>\n<p>VAT NUMBER: BG205500890<br \/>\n<strong>Date de la cr\u00e9ation 2019<\/strong><\/p>\n\n\t\t<\/div>\n\t<\/div>\n<\/div><\/div><\/div><\/div><div class=\"vc_row-full-width vc_clearfix\"><\/div>\n<\/div>","protected":false},"excerpt":{"rendered":"Dear candidates, since we have several new job offers every day, for work in Germany, Croatia and other countries, most [...]","protected":false},"author":122,"featured_media":0,"parent":0,"menu_order":0,"comment_status":"closed","ping_status":"closed","template":"","meta":{"footnotes":""},"class_list":["post-291","page","type-page","status-publish","hentry"],"_links":{"self":[{"href":"https:\/\/europe-job.com\/fr\/wp-json\/wp\/v2\/pages\/291","targetHints":{"allow":["GET"]}}],"collection":[{"href":"https:\/\/europe-job.com\/fr\/wp-json\/wp\/v2\/pages"}],"about":[{"href":"https:\/\/europe-job.com\/fr\/wp-json\/wp\/v2\/types\/page"}],"author":[{"embeddable":true,"href":"https:\/\/europe-job.com\/fr\/wp-json\/wp\/v2\/users\/122"}],"replies":[{"embeddable":true,"href":"https:\/\/europe-job.com\/fr\/wp-json\/wp\/v2\/comments?post=291"}],"version-history":[{"count":0,"href":"https:\/\/europe-job.com\/fr\/wp-json\/wp\/v2\/pages\/291\/revisions"}],"wp:attachment":[{"href":"https:\/\/europe-job.com\/fr\/wp-json\/wp\/v2\/media?parent=291"}],"curies":[{"name":"wp","href":"https:\/\/api.w.org\/{rel}","templated":true}]}}