{"id":969,"date":"2025-04-09T15:01:01","date_gmt":"2025-04-09T13:01:01","guid":{"rendered":"https:\/\/europe-job.com\/?page_id=969"},"modified":"2025-10-24T20:19:35","modified_gmt":"2025-10-24T18:19:35","slug":"about-us-2","status":"publish","type":"page","link":"https:\/\/europe-job.com\/fr\/about-us-2\/","title":{"rendered":"\u00c0 propos de nous"},"content":{"rendered":"<div class=\"wpb-content-wrapper\"><div class=\"vc_row wpb_row vc_row-fluid\"><div class=\"wpb_column vc_column_container vc_col-sm-12\"><div class=\"vc_column-inner\"><div class=\"wpb_wrapper\">\n\t<div class=\"wpb_text_column wpb_content_element\">\n\t\t<div class=\"wpb_wrapper\">\n\t\t\t<div class=\"wp-block-cover has-background-dim\">\n<p><img decoding=\"async\" class=\"wp-block-cover__image-background wp-image-113\" src=\"https:\/\/europe-job.com\/wp-content\/uploads\/2025\/04\/pexels-pixabay-416405.jpg\" alt=\"\" data-object-fit=\"cover\"\/><\/p>\n<div class=\"wp-block-cover__inner-container\">\n<h1 class=\"has-text-align-center has-very-light-gray-color has-text-color wp-block-heading\"><strong>Bienvenue sur le site officiel de European Jobs and Services Ltd. <\/strong><\/h1><\/div>\n<\/div>\n<p><!-- \/wp:post-content -->&nbsp;<\/p>\n<p><!-- wp:paragraph \/-->&nbsp;<\/p>\n<p><!-- wp:paragraph \/-->&nbsp;<\/p>\n<p><!-- wp:group --><\/p>\n<div class=\"wp-block-group\"><!-- wp:paragraph {\"fontSize\":\"medium\"} -->\n<p class=\"has-medium-font-size\"><!-- \/wp:paragraph --><\/p>\n<p><!-- wp:paragraph \/--><br \/><!-- wp:paragraph \/--><br \/><!-- wp:paragraph \/--><br \/><!-- wp:paragraph \/--><br \/><!-- wp:paragraph \/--><br \/><!-- wp:paragraph \/--><br \/><!-- wp:paragraph \/--><\/p>\n<h4 style=\"text-align: center;\"><!-- wp:paragraph --><strong>European&nbsp; jobs and services is an employment agency for job finding in the countries of the European Union, the Schengen area and United Arab Emirates.<\/strong><\/h4>\n<p class=\"has-medium-font-size\"><!-- \/wp:paragraph --><\/p>\n<p style=\"text-align: center;\"><!-- wp:paragraph --><br \/>Depuis sept ans, nous recrutons des personnes (depuis 2019) pour des emplois en Allemagne, en Autriche, en Belgique, en Gr\u00e8ce, en Slov\u00e9nie, en Croatie et dans d'autres pays.<\/p>\n<p class=\"has-medium-font-size\" style=\"text-align: center;\"><!-- \/wp:paragraph --><\/p>\n<p style=\"text-align: center;\"><!-- wp:paragraph -->Notre agence offre des emplois dans le secteur de la construction, travaux de finition, h\u00f4tellerie, restaurants, caf\u00e9s, d\u00e9p\u00f4ts, ainsi que d\u2019autres types d\u2019emplois pour le travail en Union europ\u00e9enne et dans les autres pays<\/p>\n<p style=\"text-align: center;\">Certains de nos offres se trouvent sur notre site web, et pour beaucoup d\u2019autres offres ainsi que pour toutes les informations compl\u00e9mentaires, contactez un de nos recruteurs !<\/p>\n<p style=\"text-align: center;\">Contactez un recruteur de votre langue <a href=\"https:\/\/europe-job.com\/fr\/contact-us\/\">Cliquez ici<\/a>.<\/p><p class=\"has-medium-font-size\" style=\"text-align: center;\"><!-- \/wp:paragraph --><\/p>\n<p style=\"text-align: center;\"><!-- wp:paragraph -->Un grand r\u00e9seau de nos recruteurs est \u00e0 votre disposition en 2026<\/p>\n<\/div>\n<p><!-- \/wp:paragraph -->&nbsp;<\/p>\n<p><!-- wp:paragraph {\"align\":\"left\",\"fontSize\":\"medium\"} -->&nbsp;<\/p>\n<p><!-- wp:paragraph \/--><\/p>\n\t\t<\/div>\n\t<\/div>\n<\/div><\/div><\/div><\/div><div class=\"vc_row wpb_row vc_row-fluid\"><div class=\"wpb_column vc_column_container vc_col-sm-12\"><div class=\"vc_column-inner\"><div class=\"wpb_wrapper\">\n\t<div class=\"wpb_text_column wpb_content_element\">\n\t\t<div class=\"wpb_wrapper\">\n\t\t\t<p style=\"text-align: center;\">Si vous avez besoin de candidats<\/p>\n\n\t\t<\/div>\n\t<\/div>\n<div class=\"vc_btn3-container vc_btn3-center vc_do_btn\"><a class=\"vc_general vc_btn3 vc_btn3-size-md vc_btn3-shape-rounded vc_btn3-style-modern vc_btn3-color-warning\" href=\"https:\/\/europe-job.com\/fr\/for-employers\/\" title=\"\">Cliquez ici<\/a><\/div><\/div><\/div><\/div><\/div>\n<!-- \/wp:paragraph --><\/div>","protected":false},"excerpt":{"rendered":"Welcome to the official website of European jobs and services ltd. &nbsp; &nbsp; &nbsp; &nbsp; &nbsp; European&nbsp; jobs and services [...]","protected":false},"author":122,"featured_media":0,"parent":0,"menu_order":0,"comment_status":"closed","ping_status":"closed","template":"","meta":{"footnotes":""},"class_list":["post-969","page","type-page","status-publish","hentry"],"_links":{"self":[{"href":"https:\/\/europe-job.com\/fr\/wp-json\/wp\/v2\/pages\/969","targetHints":{"allow":["GET"]}}],"collection":[{"href":"https:\/\/europe-job.com\/fr\/wp-json\/wp\/v2\/pages"}],"about":[{"href":"https:\/\/europe-job.com\/fr\/wp-json\/wp\/v2\/types\/page"}],"author":[{"embeddable":true,"href":"https:\/\/europe-job.com\/fr\/wp-json\/wp\/v2\/users\/122"}],"replies":[{"embeddable":true,"href":"https:\/\/europe-job.com\/fr\/wp-json\/wp\/v2\/comments?post=969"}],"version-history":[{"count":0,"href":"https:\/\/europe-job.com\/fr\/wp-json\/wp\/v2\/pages\/969\/revisions"}],"wp:attachment":[{"href":"https:\/\/europe-job.com\/fr\/wp-json\/wp\/v2\/media?parent=969"}],"curies":[{"name":"wp","href":"https:\/\/api.w.org\/{rel}","templated":true}]}}