{"id":969,"date":"2025-04-09T15:01:01","date_gmt":"2025-04-09T13:01:01","guid":{"rendered":"https:\/\/europe-job.com\/?page_id=969"},"modified":"2025-10-24T20:19:35","modified_gmt":"2025-10-24T18:19:35","slug":"about-us-2","status":"publish","type":"page","link":"https:\/\/europe-job.com\/hr\/about-us-2\/","title":{"rendered":"O NAMA"},"content":{"rendered":"<div class=\"wpb-content-wrapper\"><div class=\"vc_row wpb_row vc_row-fluid\"><div class=\"wpb_column vc_column_container vc_col-sm-12\"><div class=\"vc_column-inner\"><div class=\"wpb_wrapper\">\n\t<div class=\"wpb_text_column wpb_content_element\">\n\t\t<div class=\"wpb_wrapper\">\n\t\t\t<div class=\"wp-block-cover has-background-dim\">\n<p><img decoding=\"async\" class=\"wp-block-cover__image-background wp-image-113\" src=\"https:\/\/europe-job.com\/wp-content\/uploads\/2025\/04\/pexels-pixabay-416405.jpg\" alt=\"\" data-object-fit=\"cover\"\/><\/p>\n<div class=\"wp-block-cover__inner-container\">\n<h1 class=\"has-text-align-center has-very-light-gray-color has-text-color wp-block-heading\"><strong>Dobrodo\u0161li na slu\u017ebenoj web stranici tvrtke European Jobs and Services Ltd. <\/strong><\/h1><\/div>\n<\/div>\n<p><!-- \/wp:post-content -->&nbsp;<\/p>\n<p><!-- wp:paragraph \/-->&nbsp;<\/p>\n<p><!-- wp:paragraph \/-->&nbsp;<\/p>\n<p><!-- wp:group --><\/p>\n<div class=\"wp-block-group\"><!-- wp:paragraph {\"fontSize\":\"medium\"} -->\n<p class=\"has-medium-font-size\"><!-- \/wp:paragraph --><\/p>\n<p><!-- wp:paragraph \/--><br \/><!-- wp:paragraph \/--><br \/><!-- wp:paragraph \/--><br \/><!-- wp:paragraph \/--><br \/><!-- wp:paragraph \/--><br \/><!-- wp:paragraph \/--><br \/><!-- wp:paragraph \/--><\/p>\n<h4 style=\"text-align: center;\"><!-- wp:paragraph --><strong>European&nbsp; jobs and services is an employment agency for job finding in the countries of the European Union, the Schengen area and United Arab Emirates.<\/strong><\/h4>\n<p class=\"has-medium-font-size\"><!-- \/wp:paragraph --><\/p>\n<p style=\"text-align: center;\"><!-- wp:paragraph --><br \/>Ve\u0107 sedam godina (od 2019.) zapo\u0161ljavamo osobe za poslove u Njema\u010dkoj, Austriji, Belgiji, Gr\u010dkoj, Sloveniji, Hrvatskoj i drugim zemljama.<\/p>\n<p class=\"has-medium-font-size\" style=\"text-align: center;\"><!-- \/wp:paragraph --><\/p>\n<p style=\"text-align: center;\"><!-- wp:paragraph -->Na\u0161a agencija nudi poslove u gra\u0111evinarstvu, zavr\u0161nim radovima, hotelima, restoranima, caffe barovima, skladi\u0161tima, kao i druge vrste poslova za rad u Europskoj uniji te drugim zemljama.<\/p>\n<p style=\"text-align: center;\">Neke od ponuda prona\u0107i \u0107ete na na\u0161oj web stranici, a mnoge druge ponude i sve dodatne informacije dobit \u0107ete nakon \u0161to kontaktirate nekog od na\u0161ih regrutera.<\/p>\n<p style=\"text-align: center;\">Obratite se regruteru na svom jeziku <a href=\"https:\/\/europe-job.com\/hr\/contact-us\/\">Kliknite ovdje<\/a>.<\/p><p class=\"has-medium-font-size\" style=\"text-align: center;\"><!-- \/wp:paragraph --><\/p>\n<p style=\"text-align: center;\"><!-- wp:paragraph -->Na\u0161a \u0161iroka mre\u017ea regrutera stoji Vam na usluzi tijekom 2026.godine<\/p>\n<\/div>\n<p><!-- \/wp:paragraph -->&nbsp;<\/p>\n<p><!-- wp:paragraph {\"align\":\"left\",\"fontSize\":\"medium\"} -->&nbsp;<\/p>\n<p><!-- wp:paragraph \/--><\/p>\n\t\t<\/div>\n\t<\/div>\n<\/div><\/div><\/div><\/div><div class=\"vc_row wpb_row vc_row-fluid\"><div class=\"wpb_column vc_column_container vc_col-sm-12\"><div class=\"vc_column-inner\"><div class=\"wpb_wrapper\">\n\t<div class=\"wpb_text_column wpb_content_element\">\n\t\t<div class=\"wpb_wrapper\">\n\t\t\t<p style=\"text-align: center;\">Ako trebate djelatnike<\/p>\n\n\t\t<\/div>\n\t<\/div>\n<div class=\"vc_btn3-container vc_btn3-center vc_do_btn\"><a class=\"vc_general vc_btn3 vc_btn3-size-md vc_btn3-shape-rounded vc_btn3-style-modern vc_btn3-color-warning\" href=\"https:\/\/europe-job.com\/hr\/for-employers\/\" title=\"\">Kliknite ovdje<\/a><\/div><\/div><\/div><\/div><\/div>\n<!-- \/wp:paragraph --><\/div>","protected":false},"excerpt":{"rendered":"Welcome to the official website of European jobs and services ltd. &nbsp; &nbsp; &nbsp; &nbsp; &nbsp; European&nbsp; jobs and services [...]","protected":false},"author":122,"featured_media":0,"parent":0,"menu_order":0,"comment_status":"closed","ping_status":"closed","template":"","meta":{"footnotes":""},"class_list":["post-969","page","type-page","status-publish","hentry"],"_links":{"self":[{"href":"https:\/\/europe-job.com\/hr\/wp-json\/wp\/v2\/pages\/969","targetHints":{"allow":["GET"]}}],"collection":[{"href":"https:\/\/europe-job.com\/hr\/wp-json\/wp\/v2\/pages"}],"about":[{"href":"https:\/\/europe-job.com\/hr\/wp-json\/wp\/v2\/types\/page"}],"author":[{"embeddable":true,"href":"https:\/\/europe-job.com\/hr\/wp-json\/wp\/v2\/users\/122"}],"replies":[{"embeddable":true,"href":"https:\/\/europe-job.com\/hr\/wp-json\/wp\/v2\/comments?post=969"}],"version-history":[{"count":0,"href":"https:\/\/europe-job.com\/hr\/wp-json\/wp\/v2\/pages\/969\/revisions"}],"wp:attachment":[{"href":"https:\/\/europe-job.com\/hr\/wp-json\/wp\/v2\/media?parent=969"}],"curies":[{"name":"wp","href":"https:\/\/api.w.org\/{rel}","templated":true}]}}