{"id":1216,"date":"2025-04-09T15:01:01","date_gmt":"2025-04-09T13:01:01","guid":{"rendered":"https:\/\/europe-job.com\/?page_id=1216"},"modified":"2025-04-24T17:14:37","modified_gmt":"2025-04-24T15:14:37","slug":"find-jobs","status":"publish","type":"page","link":"https:\/\/europe-job.com\/hu\/find-jobs\/","title":{"rendered":"\u00e1ll\u00e1saj\u00e1nlatok"},"content":{"rendered":"<div class=\"wpb-content-wrapper\"><div class=\"vc_row wpb_row vc_row-fluid\"><div class=\"wpb_column vc_column_container vc_col-sm-12\"><div class=\"vc_column-inner\"><div class=\"wpb_wrapper\">\n\t<div class=\"wpb_text_column wpb_content_element\">\n\t\t<div class=\"wpb_wrapper\">\n\t\t\t<div class=\"wp-block-cover has-background-dim\">\n<p><img decoding=\"async\" class=\"wp-block-cover__image-background wp-image-113\" src=\"https:\/\/europe-job.com\/wp-content\/uploads\/2025\/04\/pexels-pixabay-416405.jpg\" alt=\"\" data-object-fit=\"cover\"\/><\/p>\n<div class=\"wp-block-cover__inner-container\">\n<h2 class=\"wp-block-heading\" style=\"text-align: center;\"><em><strong>aktu\u00e1lis \u00e1ll\u00e1saj\u00e1nlataink:<br \/><\/strong><\/em><\/h2>\n<\/div>\n<\/div>\n<div class=\"wp-block-group\"><\/div>\n<h2><!-- \/wp:post-content --><\/h2>\n<p><!-- wp:paragraph {\"align\":\"left\",\"fontSize\":\"medium\"} --><\/p>\n<p class=\"has-text-align-left has-medium-font-size\"><!-- \/wp:paragraph --><\/p>\n<h2><!-- wp:paragraph \/--><\/h2>\n\n\t\t<\/div>\n\t<\/div>\n<\/div><\/div><\/div><\/div><div class=\"vc_row wpb_row vc_row-fluid vc_custom_1698669114210\"><div class=\"wpb_column vc_column_container vc_col-sm-4\"><div class=\"vc_column-inner vc_custom_1697199198400\"><div class=\"wpb_wrapper\">\n\t<div class=\"wpb_text_column wpb_content_element\">\n\t\t<div class=\"wpb_wrapper\">\n\t\t\t<h3>\u00e9p\u00edt\u0151 \u00e9s villany m\u00e9rn\u00f6k\u00f6k<\/h3>\n<h3>orvosok \u00e9s n\u0151v\u00e9rek<\/h3>\n<h3>edz\u0151k<\/h3>\n<h3>Kitchen jobs<\/h3>\n<h3>szak\u00e1csok<\/h3>\n<h3>pizza mesterek<\/h3>\n<h3>grill mesterek<\/h3>\n<h3>p\u00e9kek<\/h3>\n<h3>seg\u00e9dszak\u00e1csok<\/h3>\n<h3>kiseg\u00edt\u0151 konyhai szem\u00e9lyzet<\/h3>\n\n\t\t<\/div>\n\t<\/div>\n<\/div><\/div><\/div><div class=\"wpb_column vc_column_container vc_col-sm-4\"><div class=\"vc_column-inner\"><div class=\"wpb_wrapper\">\n\t<div class=\"wpb_text_column wpb_content_element\">\n\t\t<div class=\"wpb_wrapper\">\n\t\t\t<h3>munk\u00e1k a hotelekben<\/h3>\n<h3>\u00e9p\u00edt\u00e9szetipari munk\u00e1k<\/h3>\n<h3>fest\u00e9si, homlokzati \u00e9s befejez\u0151 munk\u00e1k<\/h3>\n<h3>v\u00edz \u00e9s villanyszerel\u0151k<\/h3>\n<h3>\u00e1ll\u00e1sok pinc\u00e9rek \u00e9s csaposok sz\u00e1m\u00e1ra<\/h3>\n<h3>aj\u00e1nlatok vezet\u0151knek<\/h3>\n<h3>hostessek<\/h3>\n<h3>egy\u00e9b munk\u00e1k<\/h3>\n<h3>IT munk\u00e1k<\/h3>\n<h3>takar\u00edt\u00e1s<\/h3>\n\n\t\t<\/div>\n\t<\/div>\n<\/div><\/div><\/div><div class=\"wpb_column vc_column_container vc_col-sm-4\"><div class=\"vc_column-inner\"><div class=\"wpb_wrapper\">\n\t<div class=\"wpb_text_column wpb_content_element\">\n\t\t<div class=\"wpb_wrapper\">\n\t\t\t<h2>l\u00e9pjen kapcsolatba a toboroz\u00f3val, az \u00d6n anyanyelv\u00e9n a kapcsolatfelv\u00e1teli oldalon<\/h2>\n\n\t\t<\/div>\n\t<\/div>\n<div class=\"vc_btn3-container vc_btn3-left vc_do_btn\"><a class=\"vc_general vc_btn3 vc_btn3-size-md vc_btn3-shape-rounded vc_btn3-style-modern vc_btn3-color-warning\" href=\"https:\/\/europe-job.com\/hu\/contact-us\/\" title=\"kapcsolat\">L\u00e9pjen kapcsolatba vel\u00fcnk<\/a><\/div><\/div><\/div><\/div><\/div>\n<\/div>","protected":false},"excerpt":{"rendered":"Our Current Job Offers Civil and electrical engineers Doctors and nurses Trainers\/Coaches Kitchen jobs Cooks Pizzaman Barbeque Bakers Cook helpers [...]","protected":false},"author":122,"featured_media":0,"parent":0,"menu_order":0,"comment_status":"closed","ping_status":"closed","template":"","meta":{"footnotes":""},"class_list":["post-1216","page","type-page","status-publish","hentry"],"_links":{"self":[{"href":"https:\/\/europe-job.com\/hu\/wp-json\/wp\/v2\/pages\/1216","targetHints":{"allow":["GET"]}}],"collection":[{"href":"https:\/\/europe-job.com\/hu\/wp-json\/wp\/v2\/pages"}],"about":[{"href":"https:\/\/europe-job.com\/hu\/wp-json\/wp\/v2\/types\/page"}],"author":[{"embeddable":true,"href":"https:\/\/europe-job.com\/hu\/wp-json\/wp\/v2\/users\/122"}],"replies":[{"embeddable":true,"href":"https:\/\/europe-job.com\/hu\/wp-json\/wp\/v2\/comments?post=1216"}],"version-history":[{"count":0,"href":"https:\/\/europe-job.com\/hu\/wp-json\/wp\/v2\/pages\/1216\/revisions"}],"wp:attachment":[{"href":"https:\/\/europe-job.com\/hu\/wp-json\/wp\/v2\/media?parent=1216"}],"curies":[{"name":"wp","href":"https:\/\/api.w.org\/{rel}","templated":true}]}}