{"id":291,"date":"2025-04-09T15:01:01","date_gmt":"2025-04-09T13:01:01","guid":{"rendered":"https:\/\/demo.nokriwp.com\/?page_id=291"},"modified":"2025-10-24T20:24:42","modified_gmt":"2025-10-24T18:24:42","slug":"contact-us","status":"publish","type":"page","link":"https:\/\/europe-job.com\/hu\/contact-us\/","title":{"rendered":"kapcsolat"},"content":{"rendered":"<div class=\"wpb-content-wrapper\"><div data-vc-full-width=\"true\" data-vc-full-width-init=\"false\" data-vc-stretch-content=\"true\" class=\"vc_row wpb_row vc_row-fluid vc_row-o-content-middle vc_row-flex\"><div class=\"wpb_column vc_column_container vc_col-sm-12\"><div class=\"vc_column-inner\"><div class=\"wpb_wrapper\">\n\t<div class=\"wpb_text_column wpb_content_element vc_custom_1761330279127\">\n\t\t<div class=\"wpb_wrapper\">\n\t\t\t<p>Kedves jel\u0151ltek<\/p>\n<p class=\"translation-block\">Mivel minden nap t\u00f6bb \u00faj \u00e1ll\u00e1saj\u00e1nlatunk van, N\u00e9met\u00f3rsz\u00e1gban, Horv\u00e1torsz\u00e1gban \u00e9s m\u00e1s orsz\u00e1gokban val\u00f3 munkav\u00e9gz\u00e9sre, a legt\u00f6bb aj\u00e1nlat NINCS EZEN AZ OLDALON,  ez\u00e9rt vegye fel vel\u00fcnk a kapcsolatot a <strong> <a href=\"mailto:job.in.europe3@gmail.com\" target=\"_self\">job.in.europe3@gmail.com<\/a>, e \u2013mail c\u00edmen, vagy l\u00e9pjen kapcsolatba vel\u00fcnk. Az \u00d6n toborz\u00f3ja , az \u00d6n \u00e1ltal besz\u00e9lt nyelvt\u0151l f\u00fcgg\u0151en, hogy akt\u00edv ahj\u00e1nlatokat kapjon a h\u00edv\u00e1s napj\u00e1n- amelyeket nem tal\u00e1l az oldalon.<\/p>\n<p>Sok \u00e9rdekes \u00e1ll\u00e1saj\u00e1nlatunk van az Eur\u00f3pai Uni\u00f3ban, b\u00e1rmikor<\/p><p><strong>Toborz\u00f3i sz\u00e1maink:<\/strong><\/p>\n<p class=\"translation-block\">Pour les candidats de Croatie, de Slov\u00e9nie et de Bosnie-Herz\u00e9govine : +385924234248 Viber\/Whatsapp<\/p>\n<p class=\"translation-block\">Pour les candidats de Serbie et du Mont\u00e9n\u00e9gro : +381640285754 Viber\/Whatsapp<\/p>\n<p class=\"translation-block\">Az \u00c9szak Maced\u00f3nija \u00e9s Bulg\u00e1ria  ..+38976960260 viber, whatsapp<\/p><h3>munkaad\u00f3k el\u00e9rhet\u0151s\u00e9gei<\/h3>\n<p>Tisztelt munk\u00e1ltat\u00f3k, ha munkaer\u0151re van sz\u00fcks\u00e9ge, forduljon hozz\u00e1nk bizalommal<\/p>\n<p class=\"translation-block\">email: <a href=\"mailto:office@europe-job.com\" target=\"_blank\" rel=\"noopener\"><span class=\"il\"><strong>office@europe-job.com<\/strong><\/span><\/a><\/p>\n<p>Mobil: <strong>+385 923 881 758 ; +385 89 44 33 678<\/strong><\/p>\n<p>Landline: +385 1 330 400 2<\/p>\n<p>Viber\/Whatsapp <strong>+381692235455<\/strong><\/p><h4>az \u00d6n anyanyelv\u00e9t besz\u00e9lj\u00fck<\/h4><p class=\"translation-block\"><strong>European jobs and services ltd<\/strong>, Bulgaria, Sofia, Bulevar Andrei Saharov number 14, second floor, office 22<\/p>\n<p>VAT NUMBER: BG205500890<br \/>\n<strong>Since 2019<\/strong><\/p>\n\n\t\t<\/div>\n\t<\/div>\n<\/div><\/div><\/div><\/div><div class=\"vc_row-full-width vc_clearfix\"><\/div>\n<\/div>","protected":false},"excerpt":{"rendered":"Dear candidates, since we have several new job offers every day, for work in Germany, Croatia and other countries, most [...]","protected":false},"author":122,"featured_media":0,"parent":0,"menu_order":0,"comment_status":"closed","ping_status":"closed","template":"","meta":{"footnotes":""},"class_list":["post-291","page","type-page","status-publish","hentry"],"_links":{"self":[{"href":"https:\/\/europe-job.com\/hu\/wp-json\/wp\/v2\/pages\/291","targetHints":{"allow":["GET"]}}],"collection":[{"href":"https:\/\/europe-job.com\/hu\/wp-json\/wp\/v2\/pages"}],"about":[{"href":"https:\/\/europe-job.com\/hu\/wp-json\/wp\/v2\/types\/page"}],"author":[{"embeddable":true,"href":"https:\/\/europe-job.com\/hu\/wp-json\/wp\/v2\/users\/122"}],"replies":[{"embeddable":true,"href":"https:\/\/europe-job.com\/hu\/wp-json\/wp\/v2\/comments?post=291"}],"version-history":[{"count":0,"href":"https:\/\/europe-job.com\/hu\/wp-json\/wp\/v2\/pages\/291\/revisions"}],"wp:attachment":[{"href":"https:\/\/europe-job.com\/hu\/wp-json\/wp\/v2\/media?parent=291"}],"curies":[{"name":"wp","href":"https:\/\/api.w.org\/{rel}","templated":true}]}}