{"id":962,"date":"2025-04-09T15:01:01","date_gmt":"2025-04-09T13:01:01","guid":{"rendered":"https:\/\/europe-job.com\/?page_id=962"},"modified":"2025-04-24T17:16:11","modified_gmt":"2025-04-24T15:16:11","slug":"for-employers","status":"publish","type":"page","link":"https:\/\/europe-job.com\/hu\/for-employers\/","title":{"rendered":"a munkaad\u00f3k sz\u00e1m\u00e1ra"},"content":{"rendered":"<div class=\"wpb-content-wrapper\"><div class=\"vc_row wpb_row vc_row-fluid vc_custom_1704295025139\"><div class=\"wpb_column vc_column_container vc_col-sm-12\"><div class=\"vc_column-inner\"><div class=\"wpb_wrapper\">\n\t<div class=\"wpb_text_column wpb_content_element\">\n\t\t<div class=\"wpb_wrapper\">\n\t\t\t<p><strong>Tisztelt munk\u00e1ltat\u00f3k!<\/strong><\/p>\n<p>A j\u00f3 alkalmazott toborz\u00e1sa val\u00f3j\u00e1ban nem t\u00fal neh\u00e9z.<\/p><p>Based on the needs that employer have for the workers, after making cooperation contract with employer&#8217;s company, in the first round of selection agency informs a large number of suitable candidates from our databases, about employer&#8217;s offer. From the submitted candidates, who except the offered conditions, we are making the selection. For each working position, after first selection we are sending CV&#8217;s of several suitable candidates, with their characteristics and photos, to the employer, who is choosing candidates in the&nbsp;second round of selection. These candidates are candidates with whom the employer wishes to speak in the final, third round of selection.<\/p>\n<p>A kiv\u00e1lasztott jel\u00f6lteket k\u00f6zvetlen\u00fcl a munk\u00e1ltat\u00f3val k\u00f6tj\u00fck \u00f6ssze. Miut\u00e1n a munk\u00e1ltat\u00f3 kiv\u00e1lasztotta a megfelel\u0151 jel\u00f6lteket, a toborz\u00e1si folyamat majdnem v\u00e9get \u00e9rt. A dolgoz\u00f3k minden tov\u00e1bbi dokumentumot el\u0151k\u00e9sz\u00edtenek, hogy az EU-s okm\u00e1nyokkal rendelkez\u0151 vagyis az EU-s jel\u00f6ltek \u2013 munka- \u00e9s sz\u00e1ll\u00e1sszerz\u0151d\u00e9seinek elk\u00e9sz\u00edt\u00e9se megkezd\u0151dhessen.<\/p>\n<p>For NON-EU candidates, the employer is making a work permit before NON-EU worker comes to work, or the same process can be done after a candidate\u2019s probationary period of several days if that option is possible in the employer&#8217;s country. Besides candidates from more than 10 European countries, we are also offering the services of skilled Asian workers.<\/p>\n<p><!-- \/wp:post-content --><\/p><p><!-- wp:list --><\/p>\n<p>Ha b\u00e1rmely munkav\u00e1llal\u00f3 14 napt\u00e1ri napn\u00e1l r\u00f6videbb ideig dolgozik a munk\u00e1ltat\u00f3 c\u00e9g\u00e9n\u00e9l, a munk\u00e1ltat\u00f3 c\u00e9g\u00e9nek nincs anyagi k\u00f6telezetts\u00e9ge \u00fcgyn\u00f6ks\u00e9g\u00fcnk fel\u00e9 az ilyen munkav\u00e1llal\u00f3val kapcsolatban.<\/p>\n<p><!-- \/wp:list --><\/p>\n<p>The employer pays the agency only for our services according to the agreement, while all earnings the employer always pays directly to the worker.<\/p>\n<p><!-- \/wp:paragraph --><\/p>\n<p><!-- wp:paragraph --><strong>munkaad\u00f3k el\u00e9rhet\u0151s\u00e9gei <\/strong><\/p>\n<p><strong>email:&nbsp;<a href=\"mailto:office@europe-job.com\" target=\"_blank\" rel=\"noreferrer noopener\">office@europe-job.com<\/a>.<\/strong><\/p>\n<p><!-- \/wp:paragraph --><\/p>\n<p><!-- wp:paragraph --><strong>Mobile: +385923881758&nbsp;<\/strong> <strong>+359894433678<\/strong><\/p>\n<p><!-- \/wp:paragraph --><br \/>\n<!-- wp:paragraph --><\/p>\n<h3><strong>az \u00d6n anyanyelv\u00e9t besz\u00e9lj\u00fck<\/strong><strong>&nbsp;<br \/><\/strong><\/h3>\n<p class=\"translation-block\"><strong>Headquarters European jobs and services ltd<\/strong>, Bulgaria, Sofia, Bulevar Andrei Saharov number 14, second floor, office 22<\/p>\n<p><!-- \/wp:paragraph -->&nbsp;<\/p>\n\n\t\t<\/div>\n\t<\/div>\n<\/div><\/div><\/div><\/div>\n<\/div>","protected":false},"excerpt":{"rendered":"Dear employers, The process of recruiting a good worker is actually not too much difficult. &nbsp; Based on the needs [...]","protected":false},"author":122,"featured_media":0,"parent":0,"menu_order":0,"comment_status":"closed","ping_status":"closed","template":"","meta":{"footnotes":""},"class_list":["post-962","page","type-page","status-publish","hentry"],"_links":{"self":[{"href":"https:\/\/europe-job.com\/hu\/wp-json\/wp\/v2\/pages\/962","targetHints":{"allow":["GET"]}}],"collection":[{"href":"https:\/\/europe-job.com\/hu\/wp-json\/wp\/v2\/pages"}],"about":[{"href":"https:\/\/europe-job.com\/hu\/wp-json\/wp\/v2\/types\/page"}],"author":[{"embeddable":true,"href":"https:\/\/europe-job.com\/hu\/wp-json\/wp\/v2\/users\/122"}],"replies":[{"embeddable":true,"href":"https:\/\/europe-job.com\/hu\/wp-json\/wp\/v2\/comments?post=962"}],"version-history":[{"count":0,"href":"https:\/\/europe-job.com\/hu\/wp-json\/wp\/v2\/pages\/962\/revisions"}],"wp:attachment":[{"href":"https:\/\/europe-job.com\/hu\/wp-json\/wp\/v2\/media?parent=962"}],"curies":[{"name":"wp","href":"https:\/\/api.w.org\/{rel}","templated":true}]}}