{"id":291,"date":"2025-04-09T15:01:01","date_gmt":"2025-04-09T13:01:01","guid":{"rendered":"https:\/\/demo.nokriwp.com\/?page_id=291"},"modified":"2025-10-24T20:24:42","modified_gmt":"2025-10-24T18:24:42","slug":"contact-us","status":"publish","type":"page","link":"https:\/\/europe-job.com\/lb\/contact-us\/","title":{"rendered":"KONTAKT"},"content":{"rendered":"<div class=\"wpb-content-wrapper\"><div data-vc-full-width=\"true\" data-vc-full-width-init=\"false\" data-vc-stretch-content=\"true\" class=\"vc_row wpb_row vc_row-fluid vc_row-o-content-middle vc_row-flex\"><div class=\"wpb_column vc_column_container vc_col-sm-12\"><div class=\"vc_column-inner\"><div class=\"wpb_wrapper\">\n\t<div class=\"wpb_text_column wpb_content_element vc_custom_1761330279127\">\n\t\t<div class=\"wpb_wrapper\">\n\t\t\t<p>L\u00e9if Kandidaten,<\/p>\n<p class=\"translation-block\">Well mir all Dag nei Aarbechtsofferen hunn fir D\u00e4itschland, Kroatien an aner L\u00e4nner, sinn d\u00e9i meescht Offeren NET OP D\u00cbSER WEBS\u00c4IT.\n\nDofir sollt Dir eis per E-Mail kontakt\u00e9ieren: job.in.europe3@gmail.com\noder \u00c4re Recruteur kontakt\u00e9ieren, jee no Sprooch d\u00e9i Dir schw\u00e4tzt, fir aktuell Offeren ze kr\u00e9ien d\u00e9i den Dag vun \u00c4rem Uruff g\u00eblteg sinn \u2013 an d\u00e9i Dir net op der Webs\u00e4it fannt.<\/p>\n<p>Zu all Moment hu mir vill interessant Aarbechtsm\u00e9iglechkeeten an der EU.<\/p><p><strong>Nummeren vun eise Recruteuren:<\/strong><\/p>\n<p class=\"translation-block\">Fir Kandidaten aus Kroatien, Slowenien, Bosnien an Herzegowina: <b>+385924234248<\/b> Viber \/ Whatsapp<\/p>\n<p class=\"translation-block\"><span class=\"hide\">Fir Kandidaten aus Serbien a Montenegro:\n+381640285754 Viber \/ WhatsApp<\/span><\/p>\n<p class=\"translation-block\"><span class=\"hide\">Fir Kandidaten aus Nordmazedonien a Bulgarien:\n+389 76 960 260 Viber \/ WhatsApp<\/span><\/p><h3>Kontaktdaten fir Patronen<\/h3>\n<p>L\u00e9if Patronen, wann Dir Aarbechter braucht, kontakt\u00e9iert eis g\u00e4r:<\/p>\n<p class=\"translation-block\">email: <a href=\"mailto:office@europe-job.com\" target=\"_blank\" rel=\"noopener\"><span class=\"il\"><strong>office@europe-job.com<\/strong><\/span><\/a><\/p>\n<p>Handy: <strong>+385 923 881 758 ; +385 89 44 33 678<\/strong><\/p>\n<p>Landline: +385 1 330 400 2<\/p>\n<p>Viber\/Whatsapp <strong>+381692235455<\/strong><\/p><h4>Mir schw\u00e4tzen \u00c4r Sprooch<\/h4><p class=\"translation-block\">Haapts\u00ebtz European Jobs and Services Ltd, Bulgarien, Sofia, Boulevard Andrei Saharov Nummer 14, zweete Stack, B\u00fcro 22<\/p>\n<p>TVA Nummer<br \/>\n<strong>Gr\u00ebnnungsjoer 2019<\/strong><\/p>\n\n\t\t<\/div>\n\t<\/div>\n<\/div><\/div><\/div><\/div><div class=\"vc_row-full-width vc_clearfix\"><\/div>\n<\/div>","protected":false},"excerpt":{"rendered":"Dear candidates, since we have several new job offers every day, for work in Germany, Croatia and other countries, most [...]","protected":false},"author":122,"featured_media":0,"parent":0,"menu_order":0,"comment_status":"closed","ping_status":"closed","template":"","meta":{"footnotes":""},"class_list":["post-291","page","type-page","status-publish","hentry"],"_links":{"self":[{"href":"https:\/\/europe-job.com\/lb\/wp-json\/wp\/v2\/pages\/291","targetHints":{"allow":["GET"]}}],"collection":[{"href":"https:\/\/europe-job.com\/lb\/wp-json\/wp\/v2\/pages"}],"about":[{"href":"https:\/\/europe-job.com\/lb\/wp-json\/wp\/v2\/types\/page"}],"author":[{"embeddable":true,"href":"https:\/\/europe-job.com\/lb\/wp-json\/wp\/v2\/users\/122"}],"replies":[{"embeddable":true,"href":"https:\/\/europe-job.com\/lb\/wp-json\/wp\/v2\/comments?post=291"}],"version-history":[{"count":0,"href":"https:\/\/europe-job.com\/lb\/wp-json\/wp\/v2\/pages\/291\/revisions"}],"wp:attachment":[{"href":"https:\/\/europe-job.com\/lb\/wp-json\/wp\/v2\/media?parent=291"}],"curies":[{"name":"wp","href":"https:\/\/api.w.org\/{rel}","templated":true}]}}