{"id":962,"date":"2025-04-09T15:01:01","date_gmt":"2025-04-09T13:01:01","guid":{"rendered":"https:\/\/europe-job.com\/?page_id=962"},"modified":"2025-04-24T17:16:11","modified_gmt":"2025-04-24T15:16:11","slug":"for-employers","status":"publish","type":"page","link":"https:\/\/europe-job.com\/lb\/for-employers\/","title":{"rendered":"FIR PATRONEN"},"content":{"rendered":"<div class=\"wpb-content-wrapper\"><div class=\"vc_row wpb_row vc_row-fluid vc_custom_1704295025139\"><div class=\"wpb_column vc_column_container vc_col-sm-12\"><div class=\"vc_column-inner\"><div class=\"wpb_wrapper\">\n\t<div class=\"wpb_text_column wpb_content_element\">\n\t\t<div class=\"wpb_wrapper\">\n\t\t\t<p><strong>L\u00e9if Patronen,<\/strong><\/p>\n<p>De Prozess fir e gudden Aarbechter ze rekrut\u00e9ieren ass eigentlech net ze schw\u00e9ier.<\/p><p>Op Basis vun de Bedierfnesser, d\u00e9i de Patron fir d\u2019Aarbechter huet, an nodeems e Kooperatiounsvertrag mat der Firma vum Patron ofgeschloss gouf, inform\u00e9iert d\u2019Agence an der \u00e9ischter Selektiounsronn eng grouss Zuel u passende Kandidaten aus eiser Datebank iwwer d\u2019Offer vum Patron. Vun de present\u00e9ierte Kandidaten, d\u00e9i d\u2019Bedingunge akzept\u00e9ieren, maache mir eng Auswiel. Fir all Aarbechtsplaz sch\u00e9cke mir nom \u00e9ischte Selektiounsschr\u00ebtt d\u2019CVe vu verschiddene passende Kandidaten, mat hire Charakteristiken a Fotoen, un de Patron, deen an der zweeter Selektiounsronn d\u2019Kandidaten auswielt. D\u00ebs Kandidaten si Persounen, mat deenen de Patron an der dr\u00ebtter a leschter Selektiounsronn schw\u00e4tze w\u00ebll.<\/p>\n<p>D\u00e9i ausgewielte Kandidaten verb\u00ebnne mir direkt mam Patron. Wann de Patron d\u00e9i passend Kandidaten auswielt, ass de Recrut\u00e9ierungsprozess bal ofgeschloss. D\u2019Aarbechter sch\u00e9cken normalerweis hir Dokumenter agescant, sou datt de Patron mat der Virbereedung vun den Aarbechtskontrakter an der \u00cbnnerkonft fir Bes\u00ebtzer vun EU-Dokumenter \u2013 EU-Kandidaten \u2013 uf\u00e4nke kann.<\/p>\n<p>Fir NET-EU Kandidaten m\u00e9cht de Patron eng Aarbechtserlaabnis, ier de NET-EU Aarbechter mat der Aarbecht uf\u00e4nkt, oder dee selwechte Prozess kann no enger Probeperiod vun e puer Deeg gemaach ginn, wann d\u00ebs Optioun am Land vum Patron m\u00e9iglech ass. Nieft Kandidaten aus m\u00e9i w\u00e9i 10 europ\u00e4esche L\u00e4nner bidden mir och d\u2019Servicer vu qualifiz\u00e9ierten asiateschen Aarbechter un.<\/p>\n<p><!-- \/wp:post-content --><\/p><p><!-- wp:list --><\/p>\n<p>Wann en Aarbechter manner w\u00e9i 14 Kalennertage an der Firma vum Patron schafft, muss d\u2019Firma vum Patron keng Bezuelung un eis Agence fir esou en Aarbechter maachen.<\/p>\n<p><!-- \/wp:list --><\/p>\n<p>De Patron bezilt d\u2019Agence n\u00ebmme fir eis Servicer no dem Accord, w\u00e4rend all Verd\u00e9ngschter de Patron \u00ebmmer direkt un den Aarbechter bezilt.<\/p>\n<p><!-- \/wp:paragraph --><\/p>\n<p><!-- wp:paragraph --><strong>Kontaktdaten fir Patronen <\/strong><\/p>\n<p><strong>email:&nbsp;<a href=\"mailto:office@europe-job.com\" target=\"_blank\" rel=\"noreferrer noopener\">office@europe-job.com<\/a>.<\/strong><\/p>\n<p><!-- \/wp:paragraph --><\/p>\n<p><!-- wp:paragraph --><strong>Mobile: +385923881758&nbsp;<\/strong> <strong>+359894433678<\/strong><\/p>\n<p><!-- \/wp:paragraph --><br \/>\n<!-- wp:paragraph --><\/p>\n<h3><strong>Mir schw\u00e4tzen \u00c4r Sprooch<\/strong><strong>&nbsp;<br \/><\/strong><\/h3>\n<p class=\"translation-block\">Haapts\u00ebtz European Jobs and Services Ltd, Bulgarien, Sofia, Boulevard Andrei Saharov Nummer 14, zweete Stack, B\u00fcro 22<\/p>\n<p><!-- \/wp:paragraph -->&nbsp;<\/p>\n\n\t\t<\/div>\n\t<\/div>\n<\/div><\/div><\/div><\/div>\n<\/div>","protected":false},"excerpt":{"rendered":"Dear employers, The process of recruiting a good worker is actually not too much difficult. &nbsp; Based on the needs [...]","protected":false},"author":122,"featured_media":0,"parent":0,"menu_order":0,"comment_status":"closed","ping_status":"closed","template":"","meta":{"footnotes":""},"class_list":["post-962","page","type-page","status-publish","hentry"],"_links":{"self":[{"href":"https:\/\/europe-job.com\/lb\/wp-json\/wp\/v2\/pages\/962","targetHints":{"allow":["GET"]}}],"collection":[{"href":"https:\/\/europe-job.com\/lb\/wp-json\/wp\/v2\/pages"}],"about":[{"href":"https:\/\/europe-job.com\/lb\/wp-json\/wp\/v2\/types\/page"}],"author":[{"embeddable":true,"href":"https:\/\/europe-job.com\/lb\/wp-json\/wp\/v2\/users\/122"}],"replies":[{"embeddable":true,"href":"https:\/\/europe-job.com\/lb\/wp-json\/wp\/v2\/comments?post=962"}],"version-history":[{"count":0,"href":"https:\/\/europe-job.com\/lb\/wp-json\/wp\/v2\/pages\/962\/revisions"}],"wp:attachment":[{"href":"https:\/\/europe-job.com\/lb\/wp-json\/wp\/v2\/media?parent=962"}],"curies":[{"name":"wp","href":"https:\/\/api.w.org\/{rel}","templated":true}]}}