{"id":969,"date":"2025-04-09T15:01:01","date_gmt":"2025-04-09T13:01:01","guid":{"rendered":"https:\/\/europe-job.com\/?page_id=969"},"modified":"2025-10-24T20:19:35","modified_gmt":"2025-10-24T18:19:35","slug":"about-us-2","status":"publish","type":"page","link":"https:\/\/europe-job.com\/lb\/about-us-2\/","title":{"rendered":"IWWER EIS"},"content":{"rendered":"<div class=\"wpb-content-wrapper\"><div class=\"vc_row wpb_row vc_row-fluid\"><div class=\"wpb_column vc_column_container vc_col-sm-12\"><div class=\"vc_column-inner\"><div class=\"wpb_wrapper\">\n\t<div class=\"wpb_text_column wpb_content_element\">\n\t\t<div class=\"wpb_wrapper\">\n\t\t\t<div class=\"wp-block-cover has-background-dim\">\n<p><img decoding=\"async\" class=\"wp-block-cover__image-background wp-image-113\" src=\"https:\/\/europe-job.com\/wp-content\/uploads\/2025\/04\/pexels-pixabay-416405.jpg\" alt=\"\" data-object-fit=\"cover\"\/><\/p>\n<div class=\"wp-block-cover__inner-container\">\n<h1 class=\"has-text-align-center has-very-light-gray-color has-text-color wp-block-heading\"><strong>W\u00ebllkomm op der offizieller Webs\u00e4it vun der Agence <\/strong><\/h1><\/div>\n<\/div>\n<p><!-- \/wp:post-content -->&nbsp;<\/p>\n<p><!-- wp:paragraph \/-->&nbsp;<\/p>\n<p><!-- wp:paragraph \/-->&nbsp;<\/p>\n<p><!-- wp:group --><\/p>\n<div class=\"wp-block-group\"><!-- wp:paragraph {\"fontSize\":\"medium\"} -->\n<p class=\"has-medium-font-size\"><!-- \/wp:paragraph --><\/p>\n<p><!-- wp:paragraph \/--><br \/><!-- wp:paragraph \/--><br \/><!-- wp:paragraph \/--><br \/><!-- wp:paragraph \/--><br \/><!-- wp:paragraph \/--><br \/><!-- wp:paragraph \/--><br \/><!-- wp:paragraph \/--><\/p>\n<h4 style=\"text-align: center;\"><!-- wp:paragraph --><strong>European\u00a0 jobs and services ass eng Aarbechtsagence, d\u00e9i Aarbechten an der Europ\u00e4escher Unioun, am Schengenraum an an de Vereenegten Arabeschen Emirater ubitt<\/strong><\/h4>\n<p class=\"has-medium-font-size\"><!-- \/wp:paragraph --><\/p>\n<p style=\"text-align: center;\"><!-- wp:paragraph --><br \/>Zanter f\u00ebnnef Joer (z\u00ebnter 2019) rekrut\u00e9iere mir an D\u00e4itschland, \u00c9istr\u00e4ich, Belsch, Griicheland, Slowenien, Kroatien an anere L\u00e4nner<\/p>\n<p class=\"has-medium-font-size\" style=\"text-align: center;\"><!-- \/wp:paragraph --><\/p>\n<p style=\"text-align: center;\"><!-- wp:paragraph -->Eis Agence bitt Aarbechten am Bau, an Ofschlossaarbechten, an Hoteller, Restauranten, Caf\u00e9en, Lageren, souw\u00e9i aner Aarbechtsm\u00e9iglechkeeten an der EU an an anere L\u00e4nner<\/p>\n<p style=\"text-align: center;\">E puer Offere fannt Dir op eiser Webs\u00e4it, awer vill aner Offeren an all zous\u00e4tzlech Informatioune kritt Dir nodeems Dir ee vun eise Recruteuren kontakt\u00e9iert<\/p>\n<p style=\"text-align: center;\">Kontakt\u00e9iert e Recruteur an \u00c4rer Sprooch <a href=\"https:\/\/europe-job.com\/lb\/contact-us\/\">klickt hei<\/a>.<\/p><p class=\"has-medium-font-size\" style=\"text-align: center;\"><!-- \/wp:paragraph --><\/p>\n<p style=\"text-align: center;\"><!-- wp:paragraph -->Eist breet Netzwierk vu Recruteuren steet Iech am Joer 2026 zur Verf\u00fcgung<\/p>\n<\/div>\n<p><!-- \/wp:paragraph -->&nbsp;<\/p>\n<p><!-- wp:paragraph {\"align\":\"left\",\"fontSize\":\"medium\"} -->&nbsp;<\/p>\n<p><!-- wp:paragraph \/--><\/p>\n\t\t<\/div>\n\t<\/div>\n<\/div><\/div><\/div><\/div><div class=\"vc_row wpb_row vc_row-fluid\"><div class=\"wpb_column vc_column_container vc_col-sm-12\"><div class=\"vc_column-inner\"><div class=\"wpb_wrapper\">\n\t<div class=\"wpb_text_column wpb_content_element\">\n\t\t<div class=\"wpb_wrapper\">\n\t\t\t<p style=\"text-align: center;\">Wann Dir Aarbechter braucht<\/p>\n\n\t\t<\/div>\n\t<\/div>\n<div class=\"vc_btn3-container vc_btn3-center vc_do_btn\"><a class=\"vc_general vc_btn3 vc_btn3-size-md vc_btn3-shape-rounded vc_btn3-style-modern vc_btn3-color-warning\" href=\"https:\/\/europe-job.com\/lb\/for-employers\/\" title=\"\">klickt hei<\/a><\/div><\/div><\/div><\/div><\/div>\n<!-- \/wp:paragraph --><\/div>","protected":false},"excerpt":{"rendered":"Welcome to the official website of European jobs and services ltd. &nbsp; &nbsp; &nbsp; &nbsp; &nbsp; European&nbsp; jobs and services [...]","protected":false},"author":122,"featured_media":0,"parent":0,"menu_order":0,"comment_status":"closed","ping_status":"closed","template":"","meta":{"footnotes":""},"class_list":["post-969","page","type-page","status-publish","hentry"],"_links":{"self":[{"href":"https:\/\/europe-job.com\/lb\/wp-json\/wp\/v2\/pages\/969","targetHints":{"allow":["GET"]}}],"collection":[{"href":"https:\/\/europe-job.com\/lb\/wp-json\/wp\/v2\/pages"}],"about":[{"href":"https:\/\/europe-job.com\/lb\/wp-json\/wp\/v2\/types\/page"}],"author":[{"embeddable":true,"href":"https:\/\/europe-job.com\/lb\/wp-json\/wp\/v2\/users\/122"}],"replies":[{"embeddable":true,"href":"https:\/\/europe-job.com\/lb\/wp-json\/wp\/v2\/comments?post=969"}],"version-history":[{"count":0,"href":"https:\/\/europe-job.com\/lb\/wp-json\/wp\/v2\/pages\/969\/revisions"}],"wp:attachment":[{"href":"https:\/\/europe-job.com\/lb\/wp-json\/wp\/v2\/media?parent=969"}],"curies":[{"name":"wp","href":"https:\/\/api.w.org\/{rel}","templated":true}]}}