{"id":1216,"date":"2025-04-09T15:01:01","date_gmt":"2025-04-09T13:01:01","guid":{"rendered":"https:\/\/europe-job.com\/?page_id=1216"},"modified":"2025-04-24T17:14:37","modified_gmt":"2025-04-24T15:14:37","slug":"find-jobs","status":"publish","type":"page","link":"https:\/\/europe-job.com\/pl\/find-jobs\/","title":{"rendered":"ZNAJD\u0179 PRAC\u0118"},"content":{"rendered":"<div class=\"wpb-content-wrapper\"><div class=\"vc_row wpb_row vc_row-fluid\"><div class=\"wpb_column vc_column_container vc_col-sm-12\"><div class=\"vc_column-inner\"><div class=\"wpb_wrapper\">\n\t<div class=\"wpb_text_column wpb_content_element\">\n\t\t<div class=\"wpb_wrapper\">\n\t\t\t<div class=\"wp-block-cover has-background-dim\">\n<p><img decoding=\"async\" class=\"wp-block-cover__image-background wp-image-113\" src=\"https:\/\/europe-job.com\/wp-content\/uploads\/2025\/04\/pexels-pixabay-416405.jpg\" alt=\"\" data-object-fit=\"cover\"\/><\/p>\n<div class=\"wp-block-cover__inner-container\">\n<h2 class=\"wp-block-heading\" style=\"text-align: center;\"><em><strong>Nasze aktualne oferty pracy<br \/><\/strong><\/em><\/h2>\n<\/div>\n<\/div>\n<div class=\"wp-block-group\"><\/div>\n<h2><!-- \/wp:post-content --><\/h2>\n<p><!-- wp:paragraph {\"align\":\"left\",\"fontSize\":\"medium\"} --><\/p>\n<p class=\"has-text-align-left has-medium-font-size\"><!-- \/wp:paragraph --><\/p>\n<h2><!-- wp:paragraph \/--><\/h2>\n\n\t\t<\/div>\n\t<\/div>\n<\/div><\/div><\/div><\/div><div class=\"vc_row wpb_row vc_row-fluid vc_custom_1698669114210\"><div class=\"wpb_column vc_column_container vc_col-sm-4\"><div class=\"vc_column-inner vc_custom_1697199198400\"><div class=\"wpb_wrapper\">\n\t<div class=\"wpb_text_column wpb_content_element\">\n\t\t<div class=\"wpb_wrapper\">\n\t\t\t<h3>In\u017cynierowie budowlani i elektrycy<\/h3>\n<h3>Lekarze i piel\u0119gniarki<\/h3>\n<h3>Trainers\/Coaches<\/h3>\n<h3>Zatrudnienie w kuchni<\/h3>\n<h3>Szefowie kuchni<\/h3>\n<h3>Szef kuchni pizzy<\/h3>\n<h3>Mistrz grillowania<\/h3>\n<h3>Piekarnicy<\/h3>\n<h3>Pomocnicy kucharza<\/h3>\n<h3>Pomocniczy personel kuchenny<\/h3>\n\n\t\t<\/div>\n\t<\/div>\n<\/div><\/div><\/div><div class=\"wpb_column vc_column_container vc_col-sm-4\"><div class=\"vc_column-inner\"><div class=\"wpb_wrapper\">\n\t<div class=\"wpb_text_column wpb_content_element\">\n\t\t<div class=\"wpb_wrapper\">\n\t\t\t<h3>Zatrudnienie w hotelu<\/h3>\n<h3>Zatrudnienie w budownictwie<\/h3>\n<h3>Malowanie, elewacje, prace wyko\u0144czeniowe<\/h3>\n<h3>Zatrudnienie na stanowiskach hydraulika i elektryka<\/h3>\n<h3>Zatrudnienie na stanowiskach kelner\u00f3w i barman\u00f3w<\/h3>\n<h3>Zatrudnienie na stanowisku mened\u017cera<\/h3>\n<h3>Hostessy<\/h3>\n<h3>Inne zatrudnienia<\/h3>\n<h3>Praca w IT<\/h3>\n<h3>Sprz\u0105tanie<\/h3>\n\n\t\t<\/div>\n\t<\/div>\n<\/div><\/div><\/div><div class=\"wpb_column vc_column_container vc_col-sm-4\"><div class=\"vc_column-inner\"><div class=\"wpb_wrapper\">\n\t<div class=\"wpb_text_column wpb_content_element\">\n\t\t<div class=\"wpb_wrapper\">\n\t\t\t<h2>Skontaktuj si\u0119 z rekruterem w swoim j\u0119zyku, za po\u015brednictwem strony kontaktowej<\/h2>\n\n\t\t<\/div>\n\t<\/div>\n<div class=\"vc_btn3-container vc_btn3-left vc_do_btn\"><a class=\"vc_general vc_btn3 vc_btn3-size-md vc_btn3-shape-rounded vc_btn3-style-modern vc_btn3-color-warning\" href=\"https:\/\/europe-job.com\/pl\/contact-us\/\" title=\"KONTAKT\">KONTAKT<\/a><\/div><\/div><\/div><\/div><\/div>\n<\/div>","protected":false},"excerpt":{"rendered":"Our Current Job Offers Civil and electrical engineers Doctors and nurses Trainers\/Coaches Kitchen jobs Cooks Pizzaman Barbeque Bakers Cook helpers [...]","protected":false},"author":122,"featured_media":0,"parent":0,"menu_order":0,"comment_status":"closed","ping_status":"closed","template":"","meta":{"footnotes":""},"class_list":["post-1216","page","type-page","status-publish","hentry"],"_links":{"self":[{"href":"https:\/\/europe-job.com\/pl\/wp-json\/wp\/v2\/pages\/1216","targetHints":{"allow":["GET"]}}],"collection":[{"href":"https:\/\/europe-job.com\/pl\/wp-json\/wp\/v2\/pages"}],"about":[{"href":"https:\/\/europe-job.com\/pl\/wp-json\/wp\/v2\/types\/page"}],"author":[{"embeddable":true,"href":"https:\/\/europe-job.com\/pl\/wp-json\/wp\/v2\/users\/122"}],"replies":[{"embeddable":true,"href":"https:\/\/europe-job.com\/pl\/wp-json\/wp\/v2\/comments?post=1216"}],"version-history":[{"count":0,"href":"https:\/\/europe-job.com\/pl\/wp-json\/wp\/v2\/pages\/1216\/revisions"}],"wp:attachment":[{"href":"https:\/\/europe-job.com\/pl\/wp-json\/wp\/v2\/media?parent=1216"}],"curies":[{"name":"wp","href":"https:\/\/api.w.org\/{rel}","templated":true}]}}