{"id":291,"date":"2025-04-09T15:01:01","date_gmt":"2025-04-09T13:01:01","guid":{"rendered":"https:\/\/demo.nokriwp.com\/?page_id=291"},"modified":"2025-10-24T20:24:42","modified_gmt":"2025-10-24T18:24:42","slug":"contact-us","status":"publish","type":"page","link":"https:\/\/europe-job.com\/pl\/contact-us\/","title":{"rendered":"KONTAKT"},"content":{"rendered":"<div class=\"wpb-content-wrapper\"><div data-vc-full-width=\"true\" data-vc-full-width-init=\"false\" data-vc-stretch-content=\"true\" class=\"vc_row wpb_row vc_row-fluid vc_row-o-content-middle vc_row-flex\"><div class=\"wpb_column vc_column_container vc_col-sm-12\"><div class=\"vc_column-inner\"><div class=\"wpb_wrapper\">\n\t<div class=\"wpb_text_column wpb_content_element vc_custom_1761330279127\">\n\t\t<div class=\"wpb_wrapper\">\n\t\t\t<p>Drodzy kandydaci,<\/p>\n<p class=\"translation-block\">poniewa\u017c ka\u017cdego dnia mamy wiele nowych ofert pracy w Niemczech, Chorwacji i innych krajach, wi\u0119kszo\u015b\u0107 z nich NIE ZNAJDUJE SI\u0118 NA TYCH STRONACH, wi\u0119c prosimy o kontakt mailowy pod adresem job.in.europe3@gmail.com albo nawi\u0105za\u0107 kontakt z swoim rekruterem, w zale\u017cno\u015bci od j\u0119zyka, kt\u00f3rym si\u0119 pos\u0142ugujecie, aby otrzyma\u0107 aktywne oferty w dniu rozmowy - kt\u00f3rych nie znajdziecie na stronie<\/p>\n<p>W ka\u017cdej chwili mamy wiele ciekawych ofert pracy w UE.<\/p><p><strong>Numery telefon\u00f3w naszych rekruter\u00f3w:<\/strong><\/p>\n<p class=\"translation-block\">Dla kandydat\u00f3w z Chorwacji, S\u0142owenii, Bo\u015bni i Hercegowiny: <b>+385924234248<\/b> Viber \/ Whatsapp<\/p>\n<p class=\"translation-block\">Dla kandydat\u00f3w z Serbii i Czarnog\u00f3ry: +381640285754 Viber \/ Whatsapp<\/p>\n<p class=\"translation-block\">Dla kandydat\u00f3w z Macedonii P\u00f3\u0142nocnej i Bu\u0142garii: +389 76 960 260 Viber \/ Whatsapp<\/p><h3>Dane kontaktowe dla pracodawc\u00f3w<\/h3>\n<p>Szanowni Pracodawcy, je\u017celi potrzebujecie pracownik\u00f3w, prosimy o kontakt:<\/p>\n<p class=\"translation-block\">email: <a href=\"mailto:office@europe-job.com\" target=\"_blank\" rel=\"noopener\"><span class=\"il\"><strong>office@europe-job.com<\/strong><\/span><\/a><\/p>\n<p>mobile: <strong>+385 923 881 758 ; +385 89 44 33 678<\/strong><\/p>\n<p>Landline: +385 1 330 400 2<\/p>\n<p>Viber\/Whatsapp <strong>+381692235455<\/strong><\/p><h4>M\u00f3wimy w Twoim j\u0119zyku<\/h4><p class=\"translation-block\">European jobs and services ltd,, Bu\u0142garia, Sofia, Bulwar Andrei Saharov 14, drugie pi\u0119tro, biuro nr 22<\/p>\n<p>NUMER VAT: BG205500890<br \/>\n<strong>Rok za\u0142o\u017cenia 2019<\/strong><\/p>\n\n\t\t<\/div>\n\t<\/div>\n<\/div><\/div><\/div><\/div><div class=\"vc_row-full-width vc_clearfix\"><\/div>\n<\/div>","protected":false},"excerpt":{"rendered":"Dear candidates, since we have several new job offers every day, for work in Germany, Croatia and other countries, most [...]","protected":false},"author":122,"featured_media":0,"parent":0,"menu_order":0,"comment_status":"closed","ping_status":"closed","template":"","meta":{"footnotes":""},"class_list":["post-291","page","type-page","status-publish","hentry"],"_links":{"self":[{"href":"https:\/\/europe-job.com\/pl\/wp-json\/wp\/v2\/pages\/291","targetHints":{"allow":["GET"]}}],"collection":[{"href":"https:\/\/europe-job.com\/pl\/wp-json\/wp\/v2\/pages"}],"about":[{"href":"https:\/\/europe-job.com\/pl\/wp-json\/wp\/v2\/types\/page"}],"author":[{"embeddable":true,"href":"https:\/\/europe-job.com\/pl\/wp-json\/wp\/v2\/users\/122"}],"replies":[{"embeddable":true,"href":"https:\/\/europe-job.com\/pl\/wp-json\/wp\/v2\/comments?post=291"}],"version-history":[{"count":0,"href":"https:\/\/europe-job.com\/pl\/wp-json\/wp\/v2\/pages\/291\/revisions"}],"wp:attachment":[{"href":"https:\/\/europe-job.com\/pl\/wp-json\/wp\/v2\/media?parent=291"}],"curies":[{"name":"wp","href":"https:\/\/api.w.org\/{rel}","templated":true}]}}