{"id":291,"date":"2025-04-09T15:01:01","date_gmt":"2025-04-09T13:01:01","guid":{"rendered":"https:\/\/demo.nokriwp.com\/?page_id=291"},"modified":"2025-10-24T20:24:42","modified_gmt":"2025-10-24T18:24:42","slug":"contact-us","status":"publish","type":"page","link":"https:\/\/europe-job.com\/ro\/contact-us\/","title":{"rendered":"Contact"},"content":{"rendered":"<div class=\"wpb-content-wrapper\"><div data-vc-full-width=\"true\" data-vc-full-width-init=\"false\" data-vc-stretch-content=\"true\" class=\"vc_row wpb_row vc_row-fluid vc_row-o-content-middle vc_row-flex\"><div class=\"wpb_column vc_column_container vc_col-sm-12\"><div class=\"vc_column-inner\"><div class=\"wpb_wrapper\">\n\t<div class=\"wpb_text_column wpb_content_element vc_custom_1761330279127\">\n\t\t<div class=\"wpb_wrapper\">\n\t\t\t<p>Stima\u021bi candida\u021bi,<\/p>\n<p class=\"translation-block\">deoarece \u00een fiecare zi avem c\u00e2teva noi oferte de munc\u0103 pentru Germania, Croa\u021bia, Grecia \u0219i alte \u021b\u0103ri, majoritatea ofertelor NU SUNT PUBLICATE PE ACESTE PAGINI. De aceea, v\u0103 rug\u0103m s\u0103 ne contacta\u021bi prin e-mail la job.in.europe3@gmail.com sau s\u0103 lua\u021bi leg\u0103tura cu recrutorul dumneavoastr\u0103, \u00een func\u021bie de limba pe care o vorbi\u021bi, pentru a primi ofertele active din ziua apelului dumneavoastr\u0103 \u2013 care nu pot fi g\u0103site pe site.<\/p>\n<p>\u00cen orice moment avem multe oferte interesante de munc\u0103 \u00een UE.<\/p><p><strong>Numerele recrutorilor no\u0219tri:<\/strong><\/p>\n<p class=\"translation-block\">Pentru candida\u021bi din Croa\u021bia, Slovenia, Bosnia \u0219i Her\u021begovina: <b>+385924234248<\/b> (Viber \/ WhatsApp)<\/p>\n<p class=\"translation-block\">Pentru candida\u021bi din Serbia \u0219i Muntenegru: +381640285754 (Viber \/ WhatsApp)<\/p>\n<p class=\"translation-block\">Pentru candida\u021bi din Macedonia de Nord \u0219i Bulgaria: +38976960260 (Viber \/ WhatsApp)<\/p><h3>Date de contact pentru angajatori<\/h3>\n<p>Stima\u021bi angajatori, dac\u0103 ave\u021bi nevoie de muncitori, nu ezita\u021bi s\u0103 ne contacta\u021bi:<\/p>\n<p class=\"translation-block\">email: <a href=\"mailto:office@europe-job.com\" target=\"_blank\" rel=\"noopener\"><span class=\"il\"><strong>office@europe-job.com<\/strong><\/span><\/a><\/p>\n<p>mobil: <strong>+385 923 881 758 ; +385 89 44 33 678<\/strong><\/p>\n<p>Landline: +385 1 330 400 2<\/p>\n<p>Viber\/WhatsApp \/ Apel <strong>+381692235455<\/strong><\/p><h4>Vorbim limba dumneavoastr\u0103<\/h4><p class=\"translation-block\">European Jobs and Services Ltd, Bulgaria, Sofia, Bulevardul Andrei Saharov 14, etajul al doilea, biroul 22<\/p>\n<p>VAT NUMBER: BG205500890<br \/>\n<strong>Anul \u00eenfiin\u021b\u0103rii<\/strong><\/p>\n\n\t\t<\/div>\n\t<\/div>\n<\/div><\/div><\/div><\/div><div class=\"vc_row-full-width vc_clearfix\"><\/div>\n<\/div>","protected":false},"excerpt":{"rendered":"Dear candidates, since we have several new job offers every day, for work in Germany, Croatia and other countries, most [...]","protected":false},"author":122,"featured_media":0,"parent":0,"menu_order":0,"comment_status":"closed","ping_status":"closed","template":"","meta":{"footnotes":""},"class_list":["post-291","page","type-page","status-publish","hentry"],"_links":{"self":[{"href":"https:\/\/europe-job.com\/ro\/wp-json\/wp\/v2\/pages\/291","targetHints":{"allow":["GET"]}}],"collection":[{"href":"https:\/\/europe-job.com\/ro\/wp-json\/wp\/v2\/pages"}],"about":[{"href":"https:\/\/europe-job.com\/ro\/wp-json\/wp\/v2\/types\/page"}],"author":[{"embeddable":true,"href":"https:\/\/europe-job.com\/ro\/wp-json\/wp\/v2\/users\/122"}],"replies":[{"embeddable":true,"href":"https:\/\/europe-job.com\/ro\/wp-json\/wp\/v2\/comments?post=291"}],"version-history":[{"count":0,"href":"https:\/\/europe-job.com\/ro\/wp-json\/wp\/v2\/pages\/291\/revisions"}],"wp:attachment":[{"href":"https:\/\/europe-job.com\/ro\/wp-json\/wp\/v2\/media?parent=291"}],"curies":[{"name":"wp","href":"https:\/\/api.w.org\/{rel}","templated":true}]}}