{"id":291,"date":"2025-04-09T15:01:01","date_gmt":"2025-04-09T13:01:01","guid":{"rendered":"https:\/\/demo.nokriwp.com\/?page_id=291"},"modified":"2025-10-24T20:24:42","modified_gmt":"2025-10-24T18:24:42","slug":"contact-us","status":"publish","type":"page","link":"https:\/\/europe-job.com\/sk\/contact-us\/","title":{"rendered":"Kontaktuj n\u00e1s"},"content":{"rendered":"<div class=\"wpb-content-wrapper\"><div data-vc-full-width=\"true\" data-vc-full-width-init=\"false\" data-vc-stretch-content=\"true\" class=\"vc_row wpb_row vc_row-fluid vc_row-o-content-middle vc_row-flex\"><div class=\"wpb_column vc_column_container vc_col-sm-12\"><div class=\"vc_column-inner\"><div class=\"wpb_wrapper\">\n\t<div class=\"wpb_text_column wpb_content_element vc_custom_1761330279127\">\n\t\t<div class=\"wpb_wrapper\">\n\t\t\t<p>V\u00e1\u017een\u00ed kandid\u00e1ti,<\/p>\n<p class=\"translation-block\">ke\u010f\u017ee ka\u017ed\u00fd de\u0148 m\u00e1me nieko\u013eko nov\u00fdch pracovn\u00fdch pon\u00fak, na pr\u00e1cu v Nemecku, Chorv\u00e1tsku a in\u00fdch krajin\u00e1ch, v\u00e4\u010d\u0161ina pon\u00fak NIE JE NA T\u00ddCHTO STR\u00c1NK\u00c1CH, preto n\u00e1s kontaktujte na e-mail  <strong> <a href=\"mailto:job.in.europe3@gmail.com\" target=\"_self\">job.in.europe3@gmail.com<\/a>  <\/strong>alebo kontaktujte V\u00e1\u0161ho regrut\u00e9ra, v z\u00e1vislosti od jazyka, ktor\u00fdm hovor\u00edte, aby ste v de\u0148 V\u00e1\u0161ho volania dostali akt\u00edvne ponuky \u2013 ktor\u00e9 na str\u00e1nke nen\u00e1jdete.<\/p>\n<p>V ka\u017edej chv\u00edli m\u00e1me ve\u013ea zauj\u00edmav\u00fdch pracovn\u00fdch pon\u00fak v E\u00da.<\/p><p><strong>\u010c\u00edsla na\u0161ich regrut\u00e9rov:<\/strong><\/p>\n<p class=\"translation-block\">Pre kandid\u00e1tov z Chorv\u00e1tska, Slovinska, Bosny a Hercegoviny: <strong>+385924234248<\/strong> Viber \/ Whatsapp<\/p>\n<p class=\"translation-block\">Pre kandid\u00e1tov zo Srbska a \u010ciernej Hory:  <strong>+381640285754<\/strong> Viber \/ Whatsapp<\/p>\n<p class=\"translation-block\">Pre kandid\u00e1tov zo Severn\u00e9ho Maced\u00f3nska a Bulharska: <strong>+389 76 960 260<\/strong> Viber \/ Whatsapp<\/p><h3>Kontaktn\u00e9 \u00fadaje pre zamestn\u00e1vate\u013eov<\/h3>\n<p>V\u00e1\u017een\u00ed zamestn\u00e1vatelia, ak potrebujete pracovn\u00edkov, nev\u00e1hajte n\u00e1s kontaktova\u0165:<\/p>\n<p class=\"translation-block\">email: <a href=\"mailto:office@europe-job.com\" target=\"_blank\" rel=\"noopener\"><span class=\"il\"><strong>office@europe-job.com<\/strong><\/span><\/a><\/p>\n<p>mobil: <strong>+385 923 881 758 ; +385 89 44 33 678<\/strong><\/p>\n<p>Landline: +385 1 330 400 2<\/p>\n<p>Viber\/Whatsapp <strong>+381692235455<\/strong><\/p><h4>Hovor\u00edme va\u0161\u00edm jazykom<\/h4><p class=\"translation-block\">European jobs and services ltd, Bulharsko, Sofia, Bulevar Andrei Sacharov 14, druh\u00e9 poschodie, kancel\u00e1ria 22<\/p>\n<p>VAT NUMBER: BG205500890<br \/>\n<strong>Rok zalo\u017eenia 2019.<\/strong><\/p>\n\n\t\t<\/div>\n\t<\/div>\n<\/div><\/div><\/div><\/div><div class=\"vc_row-full-width vc_clearfix\"><\/div>\n<\/div>","protected":false},"excerpt":{"rendered":"Dear candidates, since we have several new job offers every day, for work in Germany, Croatia and other countries, most [...]","protected":false},"author":122,"featured_media":0,"parent":0,"menu_order":0,"comment_status":"closed","ping_status":"closed","template":"","meta":{"footnotes":""},"class_list":["post-291","page","type-page","status-publish","hentry"],"_links":{"self":[{"href":"https:\/\/europe-job.com\/sk\/wp-json\/wp\/v2\/pages\/291","targetHints":{"allow":["GET"]}}],"collection":[{"href":"https:\/\/europe-job.com\/sk\/wp-json\/wp\/v2\/pages"}],"about":[{"href":"https:\/\/europe-job.com\/sk\/wp-json\/wp\/v2\/types\/page"}],"author":[{"embeddable":true,"href":"https:\/\/europe-job.com\/sk\/wp-json\/wp\/v2\/users\/122"}],"replies":[{"embeddable":true,"href":"https:\/\/europe-job.com\/sk\/wp-json\/wp\/v2\/comments?post=291"}],"version-history":[{"count":0,"href":"https:\/\/europe-job.com\/sk\/wp-json\/wp\/v2\/pages\/291\/revisions"}],"wp:attachment":[{"href":"https:\/\/europe-job.com\/sk\/wp-json\/wp\/v2\/media?parent=291"}],"curies":[{"name":"wp","href":"https:\/\/api.w.org\/{rel}","templated":true}]}}