{"id":962,"date":"2025-04-09T15:01:01","date_gmt":"2025-04-09T13:01:01","guid":{"rendered":"https:\/\/europe-job.com\/?page_id=962"},"modified":"2025-04-24T17:16:11","modified_gmt":"2025-04-24T15:16:11","slug":"for-employers","status":"publish","type":"page","link":"https:\/\/europe-job.com\/sk\/for-employers\/","title":{"rendered":"PRE ZAMESTN\u00c1VATE\u013dOV"},"content":{"rendered":"<div class=\"wpb-content-wrapper\"><div class=\"vc_row wpb_row vc_row-fluid vc_custom_1704295025139\"><div class=\"wpb_column vc_column_container vc_col-sm-12\"><div class=\"vc_column-inner\"><div class=\"wpb_wrapper\">\n\t<div class=\"wpb_text_column wpb_content_element\">\n\t\t<div class=\"wpb_wrapper\">\n\t\t\t<p><strong>V\u00e1\u017een\u00ed zamestn\u00e1vatelia,<\/strong><\/p>\n<p>Proces n\u00e1boru dobr\u00e9ho pracovn\u00edka v skuto\u010dnosti nie je pr\u00edli\u0161 zlo\u017eit\u00fd.<\/p><p>Based on the needs that employer have for the workers, after making cooperation contract with employer&#8217;s company, in the first round of selection agency informs a large number of suitable candidates from our databases, about employer&#8217;s offer. From the submitted candidates, who except the offered conditions, we are making the selection. For each working position, after first selection we are sending CV&#8217;s of several suitable candidates, with their characteristics and photos, to the employer, who is choosing candidates in the&nbsp;second round of selection. These candidates are candidates with whom the employer wishes to speak in the final, third round of selection.<\/p>\n<p>Vybran\u00fdch kandid\u00e1tov sp\u00e1jame priamo so zamestn\u00e1vate\u013eom. Ke\u010f zamestn\u00e1vate\u013e vyberie vhodn\u00fdch kandid\u00e1tov, proces n\u00e1boru je takmer hotov\u00fd. Pracovn\u00edci zvy\u010dajne skenuj\u00fa svoje dokumenty, tak\u017ee zamestn\u00e1vate\u013e m\u00f4\u017ee za\u010da\u0165 s pr\u00edpravou pracovn\u00fdch zml\u00fav a ubytovania pre dr\u017eite\u013eov dokumentov E\u00da \u2013 kandid\u00e1tov z E\u00da.<\/p>\n<p>For NON-EU candidates, the employer is making a work permit before NON-EU worker comes to work, or the same process can be done after a candidate\u2019s probationary period of several days if that option is possible in the employer&#8217;s country. Besides candidates from more than 10 European countries, we are also offering the services of skilled Asian workers.<\/p>\n<p><!-- \/wp:post-content --><\/p><p><!-- wp:list --><\/p>\n<p>Ak ktor\u00fdko\u013evek pracovn\u00edk pracuje v podniku zamestn\u00e1vate\u013ea menej ako 14 kalend\u00e1rnych dn\u00ed, spolo\u010dnos\u0165 zamestn\u00e1vate\u013ea neplat\u00ed na\u0161ej agent\u00fare za tak\u00e9hoto pracovn\u00edka \u017eiadnu platbu.<\/p>\n<p><!-- \/wp:list --><\/p>\n<p>The employer pays the agency only for our services according to the agreement, while all earnings the employer always pays directly to the worker.<\/p>\n<p><!-- \/wp:paragraph --><\/p>\n<p><!-- wp:paragraph --><strong>Kontaktn\u00e9 \u00fadaje pre zamestn\u00e1vate\u013eov <\/strong><\/p>\n<p><strong>email:&nbsp;<a href=\"mailto:office@europe-job.com\" target=\"_blank\" rel=\"noreferrer noopener\">office@europe-job.com<\/a>.<\/strong><\/p>\n<p><!-- \/wp:paragraph --><\/p>\n<p><!-- wp:paragraph --><strong>Mobil: +385923881758&nbsp;<\/strong> <strong>+359894433678<\/strong><\/p>\n<p><!-- \/wp:paragraph --><br \/>\n<!-- wp:paragraph --><\/p>\n<h3><strong>Hovor\u00edme va\u0161\u00edm jazykom<\/strong><strong>&nbsp;<br \/><\/strong><\/h3>\n<p class=\"translation-block\">S\u00eddlo European jobs and services ltd , Bulharsko, Sofia, Bulevar Andrei Saharov \u010d\u00edslo 14, druh\u00e9 poschodie, kancel\u00e1ria 22<\/p>\n<p><!-- \/wp:paragraph -->&nbsp;<\/p>\n\n\t\t<\/div>\n\t<\/div>\n<\/div><\/div><\/div><\/div>\n<\/div>","protected":false},"excerpt":{"rendered":"Dear employers, The process of recruiting a good worker is actually not too much difficult. &nbsp; Based on the needs [...]","protected":false},"author":122,"featured_media":0,"parent":0,"menu_order":0,"comment_status":"closed","ping_status":"closed","template":"","meta":{"footnotes":""},"class_list":["post-962","page","type-page","status-publish","hentry"],"_links":{"self":[{"href":"https:\/\/europe-job.com\/sk\/wp-json\/wp\/v2\/pages\/962","targetHints":{"allow":["GET"]}}],"collection":[{"href":"https:\/\/europe-job.com\/sk\/wp-json\/wp\/v2\/pages"}],"about":[{"href":"https:\/\/europe-job.com\/sk\/wp-json\/wp\/v2\/types\/page"}],"author":[{"embeddable":true,"href":"https:\/\/europe-job.com\/sk\/wp-json\/wp\/v2\/users\/122"}],"replies":[{"embeddable":true,"href":"https:\/\/europe-job.com\/sk\/wp-json\/wp\/v2\/comments?post=962"}],"version-history":[{"count":0,"href":"https:\/\/europe-job.com\/sk\/wp-json\/wp\/v2\/pages\/962\/revisions"}],"wp:attachment":[{"href":"https:\/\/europe-job.com\/sk\/wp-json\/wp\/v2\/media?parent=962"}],"curies":[{"name":"wp","href":"https:\/\/api.w.org\/{rel}","templated":true}]}}