{"id":969,"date":"2025-04-09T15:01:01","date_gmt":"2025-04-09T13:01:01","guid":{"rendered":"https:\/\/europe-job.com\/?page_id=969"},"modified":"2025-10-24T20:19:35","modified_gmt":"2025-10-24T18:19:35","slug":"about-us-2","status":"publish","type":"page","link":"https:\/\/europe-job.com\/sk\/about-us-2\/","title":{"rendered":"O N\u00c1S"},"content":{"rendered":"<div class=\"wpb-content-wrapper\"><div class=\"vc_row wpb_row vc_row-fluid\"><div class=\"wpb_column vc_column_container vc_col-sm-12\"><div class=\"vc_column-inner\"><div class=\"wpb_wrapper\">\n\t<div class=\"wpb_text_column wpb_content_element\">\n\t\t<div class=\"wpb_wrapper\">\n\t\t\t<div class=\"wp-block-cover has-background-dim\">\n<p><img decoding=\"async\" class=\"wp-block-cover__image-background wp-image-113\" src=\"https:\/\/europe-job.com\/wp-content\/uploads\/2025\/04\/pexels-pixabay-416405.jpg\" alt=\"\" data-object-fit=\"cover\"\/><\/p>\n<div class=\"wp-block-cover__inner-container\">\n<h1 class=\"has-text-align-center has-very-light-gray-color has-text-color wp-block-heading\"><strong>Vitajte na ofici\u00e1lnej webovej str\u00e1nke spolo\u010dnosti European Jobs and Services Ltd. <\/strong><\/h1><\/div>\n<\/div>\n<p><!-- \/wp:post-content -->&nbsp;<\/p>\n<p><!-- wp:paragraph \/-->&nbsp;<\/p>\n<p><!-- wp:paragraph \/-->&nbsp;<\/p>\n<p><!-- wp:group --><\/p>\n<div class=\"wp-block-group\"><!-- wp:paragraph {\"fontSize\":\"medium\"} -->\n<p class=\"has-medium-font-size\"><!-- \/wp:paragraph --><\/p>\n<p><!-- wp:paragraph \/--><br \/><!-- wp:paragraph \/--><br \/><!-- wp:paragraph \/--><br \/><!-- wp:paragraph \/--><br \/><!-- wp:paragraph \/--><br \/><!-- wp:paragraph \/--><br \/><!-- wp:paragraph \/--><\/p>\n<h4 style=\"text-align: center;\"><!-- wp:paragraph --><strong>European&nbsp; jobs and services is an employment agency for job finding in the countries of the European Union, the Schengen area and United Arab Emirates.<\/strong><\/h4>\n<p class=\"has-medium-font-size\"><!-- \/wp:paragraph --><\/p>\n<p style=\"text-align: center;\"><!-- wp:paragraph --><br \/>U\u017e sedem rokov (od roku 2019) prij\u00edmame \u013eud\u00ed na pracovn\u00e9 poz\u00edcie v Nemecku, Rak\u00fasku, Belgicku, Gr\u00e9cku, Slovinsku, Chorv\u00e1tsku a in\u00fdch krajin\u00e1ch.<\/p>\n<p class=\"has-medium-font-size\" style=\"text-align: center;\"><!-- \/wp:paragraph --><\/p>\n<p style=\"text-align: center;\"><!-- wp:paragraph -->Na\u0161a agent\u00fara pon\u00faka pr\u00e1ce v stavebn\u00edctve, dokon\u010dovac\u00edch pr\u00e1cach, hoteloch, re\u0161taur\u00e1ci\u00e1ch, kaviar\u0148ach, skladoch, ako aj in\u00e9 typy pr\u00e1c pre pr\u00e1cu v Eur\u00f3pskej \u00fanii a in\u00fdch krajin\u00e1ch.<\/p>\n<p style=\"text-align: center;\">Niektor\u00e9 z pon\u00fak n\u00e1jdete na na\u0161ej webovej str\u00e1nke a mnoho \u010fal\u0161\u00edch pon\u00fak a v\u0161etky dopl\u0148uj\u00face inform\u00e1cie z\u00edskate po kontaktovan\u00ed niektor\u00e9ho z na\u0161ich regrut\u00e9rov<\/p>\n<p style=\"text-align: center;\">Kontaktujte regrut\u00e9ra v svojom jazyku <a href=\"https:\/\/europe-job.com\/sk\/contact-us\/\">Kliknite sem<\/a>.<\/p><p class=\"has-medium-font-size\" style=\"text-align: center;\"><!-- \/wp:paragraph --><\/p>\n<p style=\"text-align: center;\"><!-- wp:paragraph -->Na\u0161a \u0161irok\u00e1 sie\u0165 regrut\u00e9rov Vam je k dispoz\u00edcii po\u010das cel\u00e9ho roku 2026<\/p>\n<\/div>\n<p><!-- \/wp:paragraph -->&nbsp;<\/p>\n<p><!-- wp:paragraph {\"align\":\"left\",\"fontSize\":\"medium\"} -->&nbsp;<\/p>\n<p><!-- wp:paragraph \/--><\/p>\n\t\t<\/div>\n\t<\/div>\n<\/div><\/div><\/div><\/div><div class=\"vc_row wpb_row vc_row-fluid\"><div class=\"wpb_column vc_column_container vc_col-sm-12\"><div class=\"vc_column-inner\"><div class=\"wpb_wrapper\">\n\t<div class=\"wpb_text_column wpb_content_element\">\n\t\t<div class=\"wpb_wrapper\">\n\t\t\t<p style=\"text-align: center;\">Ak potrebujete pracovn\u00edkov<\/p>\n\n\t\t<\/div>\n\t<\/div>\n<div class=\"vc_btn3-container vc_btn3-center vc_do_btn\"><a class=\"vc_general vc_btn3 vc_btn3-size-md vc_btn3-shape-rounded vc_btn3-style-modern vc_btn3-color-warning\" href=\"https:\/\/europe-job.com\/sk\/for-employers\/\" title=\"\">Kliknite sem<\/a><\/div><\/div><\/div><\/div><\/div>\n<!-- \/wp:paragraph --><\/div>","protected":false},"excerpt":{"rendered":"Welcome to the official website of European jobs and services ltd. &nbsp; &nbsp; &nbsp; &nbsp; &nbsp; European&nbsp; jobs and services [...]","protected":false},"author":122,"featured_media":0,"parent":0,"menu_order":0,"comment_status":"closed","ping_status":"closed","template":"","meta":{"footnotes":""},"class_list":["post-969","page","type-page","status-publish","hentry"],"_links":{"self":[{"href":"https:\/\/europe-job.com\/sk\/wp-json\/wp\/v2\/pages\/969","targetHints":{"allow":["GET"]}}],"collection":[{"href":"https:\/\/europe-job.com\/sk\/wp-json\/wp\/v2\/pages"}],"about":[{"href":"https:\/\/europe-job.com\/sk\/wp-json\/wp\/v2\/types\/page"}],"author":[{"embeddable":true,"href":"https:\/\/europe-job.com\/sk\/wp-json\/wp\/v2\/users\/122"}],"replies":[{"embeddable":true,"href":"https:\/\/europe-job.com\/sk\/wp-json\/wp\/v2\/comments?post=969"}],"version-history":[{"count":0,"href":"https:\/\/europe-job.com\/sk\/wp-json\/wp\/v2\/pages\/969\/revisions"}],"wp:attachment":[{"href":"https:\/\/europe-job.com\/sk\/wp-json\/wp\/v2\/media?parent=969"}],"curies":[{"name":"wp","href":"https:\/\/api.w.org\/{rel}","templated":true}]}}