{"id":1216,"date":"2025-04-09T15:01:01","date_gmt":"2025-04-09T13:01:01","guid":{"rendered":"https:\/\/europe-job.com\/?page_id=1216"},"modified":"2025-04-24T17:14:37","modified_gmt":"2025-04-24T15:14:37","slug":"find-jobs","status":"publish","type":"page","link":"https:\/\/europe-job.com\/sl\/find-jobs\/","title":{"rendered":"NAJDI DELA"},"content":{"rendered":"<div class=\"wpb-content-wrapper\"><div class=\"vc_row wpb_row vc_row-fluid\"><div class=\"wpb_column vc_column_container vc_col-sm-12\"><div class=\"vc_column-inner\"><div class=\"wpb_wrapper\">\n\t<div class=\"wpb_text_column wpb_content_element\">\n\t\t<div class=\"wpb_wrapper\">\n\t\t\t<div class=\"wp-block-cover has-background-dim\">\n<p><img decoding=\"async\" class=\"wp-block-cover__image-background wp-image-113\" src=\"https:\/\/europe-job.com\/wp-content\/uploads\/2025\/04\/pexels-pixabay-416405.jpg\" alt=\"\" data-object-fit=\"cover\"\/><\/p>\n<div class=\"wp-block-cover__inner-container\">\n<h2 class=\"wp-block-heading\" style=\"text-align: center;\"><em><strong>Na\u0161e trenutne ponudbe dela<br \/><\/strong><\/em><\/h2>\n<\/div>\n<\/div>\n<div class=\"wp-block-group\"><\/div>\n<h2><!-- \/wp:post-content --><\/h2>\n<p><!-- wp:paragraph {\"align\":\"left\",\"fontSize\":\"medium\"} --><\/p>\n<p class=\"has-text-align-left has-medium-font-size\"><!-- \/wp:paragraph --><\/p>\n<h2><!-- wp:paragraph \/--><\/h2>\n\n\t\t<\/div>\n\t<\/div>\n<\/div><\/div><\/div><\/div><div class=\"vc_row wpb_row vc_row-fluid vc_custom_1698669114210\"><div class=\"wpb_column vc_column_container vc_col-sm-4\"><div class=\"vc_column-inner vc_custom_1697199198400\"><div class=\"wpb_wrapper\">\n\t<div class=\"wpb_text_column wpb_content_element\">\n\t\t<div class=\"wpb_wrapper\">\n\t\t\t<h3>In\u017eenirji gradbeni\u0161tva in elektrotehnike<\/h3>\n<h3>Zdravniki in medicinske sestre<\/h3>\n<h3>Trenerji\/trenerji<\/h3>\n<h3>Dela v kuhinji<\/h3>\n<h3>Kuharji<\/h3>\n<h3>Pica mojstri<\/h3>\n<h3>\u017dar mojstri<\/h3>\n<h3>Peki<\/h3>\n<h3>Pomo\u017ene kuharji<\/h3>\n<h3>Pomo\u017eno kuhinjsko osebje<\/h3>\n\n\t\t<\/div>\n\t<\/div>\n<\/div><\/div><\/div><div class=\"wpb_column vc_column_container vc_col-sm-4\"><div class=\"vc_column-inner\"><div class=\"wpb_wrapper\">\n\t<div class=\"wpb_text_column wpb_content_element\">\n\t\t<div class=\"wpb_wrapper\">\n\t\t\t<h3>Dela v hotelih<\/h3>\n<h3>Dela v gradbeni\u0161tvu<\/h3>\n<h3>Slikopleskarstvo, fasade, zaklju\u010dna dela<\/h3>\n<h3>Dela za vodovodarje in elektri\u010darje<\/h3>\n<h3>Dela za natakarje in \u0161ankiste<\/h3>\n<h3>Ponudbe za mened\u017eerje<\/h3>\n<h3>Hostese<\/h3>\n<h3>Ostali poslovi<\/h3>\n<h3>IT dela<\/h3>\n<h3>\u010ci\u0161\u010denje<\/h3>\n\n\t\t<\/div>\n\t<\/div>\n<\/div><\/div><\/div><div class=\"wpb_column vc_column_container vc_col-sm-4\"><div class=\"vc_column-inner\"><div class=\"wpb_wrapper\">\n\t<div class=\"wpb_text_column wpb_content_element\">\n\t\t<div class=\"wpb_wrapper\">\n\t\t\t<h2>Kontaktirajte rekruterja v va\u0161em jeziku preko strani kontakt<\/h2>\n\n\t\t<\/div>\n\t<\/div>\n<div class=\"vc_btn3-container vc_btn3-left vc_do_btn\"><a class=\"vc_general vc_btn3 vc_btn3-size-md vc_btn3-shape-rounded vc_btn3-style-modern vc_btn3-color-warning\" href=\"https:\/\/europe-job.com\/sl\/contact-us\/\" title=\"Stik\">Contact us<\/a><\/div><\/div><\/div><\/div><\/div>\n<\/div>","protected":false},"excerpt":{"rendered":"Our Current Job Offers Civil and electrical engineers Doctors and nurses Trainers\/Coaches Kitchen jobs Cooks Pizzaman Barbeque Bakers Cook helpers [...]","protected":false},"author":122,"featured_media":0,"parent":0,"menu_order":0,"comment_status":"closed","ping_status":"closed","template":"","meta":{"footnotes":""},"class_list":["post-1216","page","type-page","status-publish","hentry"],"_links":{"self":[{"href":"https:\/\/europe-job.com\/sl\/wp-json\/wp\/v2\/pages\/1216","targetHints":{"allow":["GET"]}}],"collection":[{"href":"https:\/\/europe-job.com\/sl\/wp-json\/wp\/v2\/pages"}],"about":[{"href":"https:\/\/europe-job.com\/sl\/wp-json\/wp\/v2\/types\/page"}],"author":[{"embeddable":true,"href":"https:\/\/europe-job.com\/sl\/wp-json\/wp\/v2\/users\/122"}],"replies":[{"embeddable":true,"href":"https:\/\/europe-job.com\/sl\/wp-json\/wp\/v2\/comments?post=1216"}],"version-history":[{"count":0,"href":"https:\/\/europe-job.com\/sl\/wp-json\/wp\/v2\/pages\/1216\/revisions"}],"wp:attachment":[{"href":"https:\/\/europe-job.com\/sl\/wp-json\/wp\/v2\/media?parent=1216"}],"curies":[{"name":"wp","href":"https:\/\/api.w.org\/{rel}","templated":true}]}}