{"id":291,"date":"2025-04-09T15:01:01","date_gmt":"2025-04-09T13:01:01","guid":{"rendered":"https:\/\/demo.nokriwp.com\/?page_id=291"},"modified":"2025-10-24T20:24:42","modified_gmt":"2025-10-24T18:24:42","slug":"contact-us","status":"publish","type":"page","link":"https:\/\/europe-job.com\/sl\/contact-us\/","title":{"rendered":"Stik"},"content":{"rendered":"<div class=\"wpb-content-wrapper\"><div data-vc-full-width=\"true\" data-vc-full-width-init=\"false\" data-vc-stretch-content=\"true\" class=\"vc_row wpb_row vc_row-fluid vc_row-o-content-middle vc_row-flex\"><div class=\"wpb_column vc_column_container vc_col-sm-12\"><div class=\"vc_column-inner\"><div class=\"wpb_wrapper\">\n\t<div class=\"wpb_text_column wpb_content_element vc_custom_1761330279127\">\n\t\t<div class=\"wpb_wrapper\">\n\t\t\t<p>Spo\u0161tovani kandidati,<\/p>\n<p class=\"translation-block\">ker imamo vsak dan nekaj novih ponudb za delo za delo v Nem\u010diji, Hrva\u0161ki in drugih dr\u017eavah, ve\u010dina ponudb NI NA TEH STRANEH, se obrnite na nas preko e-po\u0161te <strong> <a href=\"mailto:job.in.europe3@gmail.com\" target=\"_self\">job.in.europe3@gmail.com<\/a> ali kontaktirajte svojega rekruterja, odvisno od jezika, ki ga govorite, da bi dobili aktivne ponudbe na dan va\u0161ega klica - ki jih ne morete najti na strani.<\/strong><\/p>\n<p>V vsakem trenutku imamo veliko zanimivih ponudb za delo v EU.<\/p><p><strong>\u0160tevilke na\u0161ih rekruterjev:<\/strong><\/p>\n<p class=\"translation-block\">Za kandidate iz Hrva\u0161ke, Slovenije, Bosne in Hercegovine: <strong>+385924234248<\/strong> Viber \/ Whatsapp<\/p>\n<p class=\"translation-block\">Za kandidate iz Srbije in \u010crne gore: <strong>+381640285754<\/strong> Viber \/ Whatsapp<\/p>\n<p class=\"translation-block\">Za kandidate iz Severne Makedonije in Bolgarije: <strong>+389 76 960 260<\/strong> Viber \/ Whatsapp<\/p><h3>Kontaktni podatki za delodajalce<\/h3>\n<p>Spo\u0161tovani delodajalci, \u010de potrebujete delavce, nas prosimo kontaktirajte:<\/p>\n<p class=\"translation-block\">email: <a href=\"mailto:office@europe-job.com\" target=\"_blank\" rel=\"noopener\"><span class=\"il\"><strong>office@europe-job.com<\/strong><\/span><\/a><\/p>\n<p>mobilni: <strong>+385 923 881 758 ; +385 89 44 33 678<\/strong><\/p>\n<p>Landline: +385 1 330 400 2<\/p>\n<p>Viber\/Whatsapp <strong>+381692235455<\/strong><\/p><h4>Mi govorimo Va\u0161 jezik<\/h4><p class=\"translation-block\">European jobs and services ltd, Bolgarija, Sofija, Bulevar Andrei Saharov 14, drugo nadstropje, pisarna 22<\/p>\n<p>VAT NUMBER: BG205500890<br \/>\n<strong>Leto ustanovitve 2019.<\/strong><\/p>\n\n\t\t<\/div>\n\t<\/div>\n<\/div><\/div><\/div><\/div><div class=\"vc_row-full-width vc_clearfix\"><\/div>\n<\/div>","protected":false},"excerpt":{"rendered":"Dear candidates, since we have several new job offers every day, for work in Germany, Croatia and other countries, most [...]","protected":false},"author":122,"featured_media":0,"parent":0,"menu_order":0,"comment_status":"closed","ping_status":"closed","template":"","meta":{"footnotes":""},"class_list":["post-291","page","type-page","status-publish","hentry"],"_links":{"self":[{"href":"https:\/\/europe-job.com\/sl\/wp-json\/wp\/v2\/pages\/291","targetHints":{"allow":["GET"]}}],"collection":[{"href":"https:\/\/europe-job.com\/sl\/wp-json\/wp\/v2\/pages"}],"about":[{"href":"https:\/\/europe-job.com\/sl\/wp-json\/wp\/v2\/types\/page"}],"author":[{"embeddable":true,"href":"https:\/\/europe-job.com\/sl\/wp-json\/wp\/v2\/users\/122"}],"replies":[{"embeddable":true,"href":"https:\/\/europe-job.com\/sl\/wp-json\/wp\/v2\/comments?post=291"}],"version-history":[{"count":0,"href":"https:\/\/europe-job.com\/sl\/wp-json\/wp\/v2\/pages\/291\/revisions"}],"wp:attachment":[{"href":"https:\/\/europe-job.com\/sl\/wp-json\/wp\/v2\/media?parent=291"}],"curies":[{"name":"wp","href":"https:\/\/api.w.org\/{rel}","templated":true}]}}