{"id":962,"date":"2025-04-09T15:01:01","date_gmt":"2025-04-09T13:01:01","guid":{"rendered":"https:\/\/europe-job.com\/?page_id=962"},"modified":"2025-04-24T17:16:11","modified_gmt":"2025-04-24T15:16:11","slug":"for-employers","status":"publish","type":"page","link":"https:\/\/europe-job.com\/sl\/for-employers\/","title":{"rendered":"ZA DELODAJALCE"},"content":{"rendered":"<div class=\"wpb-content-wrapper\"><div class=\"vc_row wpb_row vc_row-fluid vc_custom_1704295025139\"><div class=\"wpb_column vc_column_container vc_col-sm-12\"><div class=\"vc_column-inner\"><div class=\"wpb_wrapper\">\n\t<div class=\"wpb_text_column wpb_content_element\">\n\t\t<div class=\"wpb_wrapper\">\n\t\t\t<p><strong>Spo\u0161tovani delodajalci,<\/strong><\/p>\n<p>Proces rekrutiranja dobrega delavca pravzaprav ni preve\u010d te\u017eak.<\/p><p>Based on the needs that employer have for the workers, after making cooperation contract with employer&#8217;s company, in the first round of selection agency informs a large number of suitable candidates from our databases, about employer&#8217;s offer. From the submitted candidates, who except the offered conditions, we are making the selection. For each working position, after first selection we are sending CV&#8217;s of several suitable candidates, with their characteristics and photos, to the employer, who is choosing candidates in the&nbsp;second round of selection. These candidates are candidates with whom the employer wishes to speak in the final, third round of selection.<\/p>\n<p>Izbrane kandidate pove\u017eemo neposredno z delodajalcem. Ko delodajalec izbere ustrezne kandidate, je proces rekrutacije skoraj kon\u010dan. Delavci pripravijo vsa dodatna dokumenta, tako da se lahko za\u010dne s pripravo pogodbe o zaposlitvi in nastanitvi za kandidate z EU dokumenti \u2013 EU kandidate.<\/p>\n<p>For NON-EU candidates, the employer is making a work permit before NON-EU worker comes to work, or the same process can be done after a candidate\u2019s probationary period of several days if that option is possible in the employer&#8217;s country. Besides candidates from more than 10 European countries, we are also offering the services of skilled Asian workers.<\/p>\n<p><!-- \/wp:post-content --><\/p><p><!-- wp:list --><\/p>\n<p>\u010ce kateri koli delavec dela v podjetju delodajalca manj kot 14 koledarskih dni, podjetje delodajalca nima nobenih finan\u010dnih obveznosti do na\u0161e agencije za takega delavca.<\/p>\n<p><!-- \/wp:list --><\/p>\n<p>The employer pays the agency only for our services according to the agreement, while all earnings the employer always pays directly to the worker.<\/p>\n<p><!-- \/wp:paragraph --><\/p>\n<p><!-- wp:paragraph --><strong>Kontaktni podatki za delodajalce <\/strong><\/p>\n<p><strong>E-po\u0161tni naslov:&nbsp;<a href=\"mailto:delovna.sila.eu@gmail.com\" target=\"_blank\" rel=\"noreferrer noopener\">delovna.sila.eu@gmail.com<\/a>.<\/strong><\/p>\n<p><!-- \/wp:paragraph --><\/p>\n<p><!-- wp:paragraph --><strong>Mobilni telefon: +385923881758\t+359894433678.&nbsp;<\/strong> <strong>+359894433678<\/strong><\/p>\n<p><!-- \/wp:paragraph --><br \/>\n<!-- wp:paragraph --><\/p>\n<h3><strong>Mi govorimo Va\u0161 jezik<\/strong><strong>&nbsp;<br \/><\/strong><\/h3>\n<p class=\"translation-block\">European jobs and services ltd, Bolgarija, Sofija, Bulevar Andrei Saharov 14, drugo nadstropje, pisarna 22<\/p>\n<p><!-- \/wp:paragraph -->&nbsp;<\/p>\n\n\t\t<\/div>\n\t<\/div>\n<\/div><\/div><\/div><\/div>\n<\/div>","protected":false},"excerpt":{"rendered":"Dear employers, The process of recruiting a good worker is actually not too much difficult. &nbsp; Based on the needs [...]","protected":false},"author":122,"featured_media":0,"parent":0,"menu_order":0,"comment_status":"closed","ping_status":"closed","template":"","meta":{"footnotes":""},"class_list":["post-962","page","type-page","status-publish","hentry"],"_links":{"self":[{"href":"https:\/\/europe-job.com\/sl\/wp-json\/wp\/v2\/pages\/962","targetHints":{"allow":["GET"]}}],"collection":[{"href":"https:\/\/europe-job.com\/sl\/wp-json\/wp\/v2\/pages"}],"about":[{"href":"https:\/\/europe-job.com\/sl\/wp-json\/wp\/v2\/types\/page"}],"author":[{"embeddable":true,"href":"https:\/\/europe-job.com\/sl\/wp-json\/wp\/v2\/users\/122"}],"replies":[{"embeddable":true,"href":"https:\/\/europe-job.com\/sl\/wp-json\/wp\/v2\/comments?post=962"}],"version-history":[{"count":0,"href":"https:\/\/europe-job.com\/sl\/wp-json\/wp\/v2\/pages\/962\/revisions"}],"wp:attachment":[{"href":"https:\/\/europe-job.com\/sl\/wp-json\/wp\/v2\/media?parent=962"}],"curies":[{"name":"wp","href":"https:\/\/api.w.org\/{rel}","templated":true}]}}