{"id":291,"date":"2025-04-09T15:01:01","date_gmt":"2025-04-09T13:01:01","guid":{"rendered":"https:\/\/demo.nokriwp.com\/?page_id=291"},"modified":"2025-10-24T20:24:42","modified_gmt":"2025-10-24T18:24:42","slug":"contact-us","status":"publish","type":"page","link":"https:\/\/europe-job.com\/sr\/contact-us\/","title":{"rendered":"Kontakt"},"content":{"rendered":"<div class=\"wpb-content-wrapper\"><div data-vc-full-width=\"true\" data-vc-full-width-init=\"false\" data-vc-stretch-content=\"true\" class=\"vc_row wpb_row vc_row-fluid vc_row-o-content-middle vc_row-flex\"><div class=\"wpb_column vc_column_container vc_col-sm-12\"><div class=\"vc_column-inner\"><div class=\"wpb_wrapper\">\n\t<div class=\"wpb_text_column wpb_content_element vc_custom_1761330279127\">\n\t\t<div class=\"wpb_wrapper\">\n\t\t\t<p>Po\u0161tovani kandidati,<\/p>\n<p class=\"translation-block\">budu\u0107i da svaki dan imamo nekoliko novih ponuda za posao, za rad u Nema\u010dkoj, Hrvatskoj i drugim zemljama, ve\u0107ina ponuda NIJE NA OVIM STRANICAMA, zato nam se trebate obratiti e-putem maila <strong> <a href=\"mailto:job.in.europe3@gmail.com\" target=\"_self\">job.in.europe3@gmail.com<\/a> ili kontaktirati svog regrutera , zavisno od jeziku koji govorite, kako biste dobili aktivne ponude na dan Va\u0161eg poziva \u2013 koje ne mo\u017eete prona\u0107i na stranici.<\/strong><\/p>\n<p>U svakom trenutku imamo mnogo zanimljivih ponuda za posao u EU.<\/p><p><strong>Brojevi na\u0161ih regrutera:<\/strong><\/p>\n<p class=\"translation-block\">Za kandidate iz Hrvatske, Slovenije, Bosne i Hercegovine: <strong>+385924234248<\/strong> Viber \/ Whatsapp<\/p>\n<p class=\"translation-block\">Za kandidate iz Srbije i Severne Makedonije: <strong>+381640285754<\/strong> Viber \/ Whatsapp<\/p>\n<p class=\"translation-block\">For candidates from North Macedonia and Bulgaria: <strong>+389 76 960 260<\/strong> Viber \/ Whatsapp<\/p><h3>Kontakt podaci za poslodavce<\/h3>\n<p>Po\u0161tovani poslodavci, ukoliko imate potrebe za radnicima slobodno nas kontaktirajte:<\/p>\n<p class=\"translation-block\">email: <a href=\"mailto:office@europe-job.com\" target=\"_blank\" rel=\"noopener\"><span class=\"il\"><strong>office@europe-job.com<\/strong><\/span><\/a><\/p>\n<p>mobilni: <strong>+385 923 881 758 ; +385 89 44 33 678<\/strong><\/p>\n<p>Landline: +385 1 330 400 2<\/p>\n<p>Viber\/Whatsapp <strong>+381692235455<\/strong><\/p><h4>Mi govorimo Va\u0161 jezik<\/h4><p class=\"translation-block\"><strong>European jobs and services ltd<\/strong>, Bulgaria, Sofia, Bulevar Andrei Saharov number 14, second floor, office 22<\/p>\n<p>VAT NUMBER: BG205500890<br \/>\n<strong>Godina osnivanja 2019.<\/strong><\/p>\n\n\t\t<\/div>\n\t<\/div>\n<\/div><\/div><\/div><\/div><div class=\"vc_row-full-width vc_clearfix\"><\/div>\n<\/div>","protected":false},"excerpt":{"rendered":"Dear candidates, since we have several new job offers every day, for work in Germany, Croatia and other countries, most [...]","protected":false},"author":122,"featured_media":0,"parent":0,"menu_order":0,"comment_status":"closed","ping_status":"closed","template":"","meta":{"footnotes":""},"class_list":["post-291","page","type-page","status-publish","hentry"],"_links":{"self":[{"href":"https:\/\/europe-job.com\/sr\/wp-json\/wp\/v2\/pages\/291","targetHints":{"allow":["GET"]}}],"collection":[{"href":"https:\/\/europe-job.com\/sr\/wp-json\/wp\/v2\/pages"}],"about":[{"href":"https:\/\/europe-job.com\/sr\/wp-json\/wp\/v2\/types\/page"}],"author":[{"embeddable":true,"href":"https:\/\/europe-job.com\/sr\/wp-json\/wp\/v2\/users\/122"}],"replies":[{"embeddable":true,"href":"https:\/\/europe-job.com\/sr\/wp-json\/wp\/v2\/comments?post=291"}],"version-history":[{"count":0,"href":"https:\/\/europe-job.com\/sr\/wp-json\/wp\/v2\/pages\/291\/revisions"}],"wp:attachment":[{"href":"https:\/\/europe-job.com\/sr\/wp-json\/wp\/v2\/media?parent=291"}],"curies":[{"name":"wp","href":"https:\/\/api.w.org\/{rel}","templated":true}]}}